{"id":422,"date":"2024-12-08T11:31:14","date_gmt":"2024-12-08T10:31:14","guid":{"rendered":"http:\/\/ax-metals.local\/?page_id=422"},"modified":"2025-12-16T17:12:51","modified_gmt":"2025-12-16T16:12:51","slug":"produkty","status":"publish","type":"page","link":"https:\/\/sub.ax-metals.com\/pl\/produkty\/","title":{"rendered":"Produkty"},"content":{"rendered":"\n<section id=\"wyroby-stykowe\" class=\"section max-w-full product-view-one\">\n<div class=\"section__inner-container inner-container is-root-container\">\n<div class=\"product-view-one__header container max-w-wide\">\n<p class=\"subheading text\">Innowacyjne<\/p>\n\n\n\n<figure class=\"decor image\"><img decoding=\"async\" src=\"https:\/\/sub.ax-metals.com\/wp-content\/uploads\/2024\/12\/decor.svg\" class=\"wp-image-128\"\/><\/figure>\n\n\n\n<h2 id=\"\" class=\"heading h-48 lh-120\">Wyroby stykowe<\/h2>\n\n\n\n<p class=\"text fs-18\">Solidne i niezawodne rozwi\u0105zania dla Twojej produkcji<\/p>\n<\/div>\n\n\n\n<div class=\"product-view-one__content container max-w-wide\">\n<div class=\"posts max-w-wide\" >\n\n\t\n\t\t<div class=\"post-items grid cols-1 sm\/cols-2 md\/cols-3 gap-32\">\n\t\t\t\t\t\t\t\t<article class=\"post-item has-post-thumbnail\">\n\t\t\t\t\t\t<div class=\"post-item__inner-container\">\n\t\t\t\t\t\t\t\t\t\t\t\t\t\t\t<a href=\"https:\/\/sub.ax-metals.com\/pl\/produkty\/nity-stykowe\/\" class=\"post-item__image\" rel=\"bookmark\">\n\t\t\t\t\t\t\t\t\t<img loading=\"lazy\" decoding=\"async\" width=\"2560\" height=\"1440\" src=\"https:\/\/sub.ax-metals.com\/wp-content\/uploads\/2025\/02\/NITY_STYKOWE-scaled.avif\" class=\"attachment-1373 is-square\" alt=\"\" sizes=\"auto, (max-width: 512px) 100vw, 512px\" srcset=\"https:\/\/sub.ax-metals.com\/wp-content\/uploads\/2025\/02\/NITY_STYKOWE-scaled.avif 2560w, https:\/\/sub.ax-metals.com\/wp-content\/uploads\/2025\/02\/NITY_STYKOWE-300x169.avif 300w, https:\/\/sub.ax-metals.com\/wp-content\/uploads\/2025\/02\/NITY_STYKOWE-1024x576.avif 1024w, https:\/\/sub.ax-metals.com\/wp-content\/uploads\/2025\/02\/NITY_STYKOWE-768x432.avif 768w, https:\/\/sub.ax-metals.com\/wp-content\/uploads\/2025\/02\/NITY_STYKOWE-1536x864.avif 1536w, https:\/\/sub.ax-metals.com\/wp-content\/uploads\/2025\/02\/NITY_STYKOWE-2048x1152.avif 2048w\" \/>\t\t\t\t\t\t\t\t<\/a>\n\t\t\t\t\t\t\t\n\t\t\t\t\t\t\t<div class=\"post-item__content\">\n\t\t\t\t\t\t\t\t<div class=\"post-item__content__group\">\n\t\t\t\t\t\t\t\t\t\t\t\t\t\t\t\t\t<\/div>\n\n\t\t\t\t\t\t\t\t<h3 class=\"post-item__title\">\n\t\t\t\t\t\t\t\t\t<a href=\"https:\/\/sub.ax-metals.com\/pl\/produkty\/nity-stykowe\/\" rel=\"bookmark\">Nity stykowe<\/a>\n\t\t\t\t\t\t\t\t<\/h3>\n\n\t\t\t\t\t\t\t\t\n\t\t\t\t\t\t\t\t\t\t\t\t\t\t\t\t\t<div class=\"post-item__excerpt\">\n\t\t\t\t\t\t\t\t\t\t<p>Nity stykowe jako sprawdzona technologia stykowa do zastosowa\u0144 przemys\u0142owych<\/p>\n\t\t\t\t\t\t\t\t\t<\/div>\n\t\t\t\t\t\t\t\t\n\t\t\t\t\t\t\t\t\t\t\t\t\t\t\t\t\t<a href=\"https:\/\/sub.ax-metals.com\/pl\/produkty\/nity-stykowe\/\" class=\"post-item__link\" rel=\"bookmark\">Dowiedz si\u0119 wi\u0119cej<\/a>\n\t\t\t\t\t\t\t\t\t\t\t\t\t\t\t<\/div>\n\n\t\t\t\t\t\t<\/div>\n\t\t\t\t\t<\/article>\n\t\t\t\t\t\t\t\t\t<article class=\"post-item has-post-thumbnail\">\n\t\t\t\t\t\t<div class=\"post-item__inner-container\">\n\t\t\t\t\t\t\t\t\t\t\t\t\t\t\t<a href=\"https:\/\/sub.ax-metals.com\/pl\/produkty\/nakladki-stykowe\/\" class=\"post-item__image\" rel=\"bookmark\">\n\t\t\t\t\t\t\t\t\t<img loading=\"lazy\" decoding=\"async\" width=\"2560\" height=\"1440\" src=\"https:\/\/sub.ax-metals.com\/wp-content\/uploads\/2025\/02\/NAKLADKI_STYKOWE-scaled.avif\" class=\"attachment-1369 is-square\" alt=\"\" sizes=\"auto, (max-width: 512px) 100vw, 512px\" srcset=\"https:\/\/sub.ax-metals.com\/wp-content\/uploads\/2025\/02\/NAKLADKI_STYKOWE-scaled.avif 2560w, https:\/\/sub.ax-metals.com\/wp-content\/uploads\/2025\/02\/NAKLADKI_STYKOWE-300x169.avif 300w, https:\/\/sub.ax-metals.com\/wp-content\/uploads\/2025\/02\/NAKLADKI_STYKOWE-1024x576.avif 1024w, https:\/\/sub.ax-metals.com\/wp-content\/uploads\/2025\/02\/NAKLADKI_STYKOWE-768x432.avif 768w, https:\/\/sub.ax-metals.com\/wp-content\/uploads\/2025\/02\/NAKLADKI_STYKOWE-1536x864.avif 1536w, https:\/\/sub.ax-metals.com\/wp-content\/uploads\/2025\/02\/NAKLADKI_STYKOWE-2048x1152.avif 2048w\" \/>\t\t\t\t\t\t\t\t<\/a>\n\t\t\t\t\t\t\t\n\t\t\t\t\t\t\t<div class=\"post-item__content\">\n\t\t\t\t\t\t\t\t<div class=\"post-item__content__group\">\n\t\t\t\t\t\t\t\t\t\t\t\t\t\t\t\t\t<\/div>\n\n\t\t\t\t\t\t\t\t<h3 class=\"post-item__title\">\n\t\t\t\t\t\t\t\t\t<a href=\"https:\/\/sub.ax-metals.com\/pl\/produkty\/nakladki-stykowe\/\" rel=\"bookmark\">Nak\u0142adki stykowe<\/a>\n\t\t\t\t\t\t\t\t<\/h3>\n\n\t\t\t\t\t\t\t\t\n\t\t\t\t\t\t\t\t\t\t\t\t\t\t\t\t\t<div class=\"post-item__excerpt\">\n\t\t\t\t\t\t\t\t\t\t<p>Odporne na zu\u017cycie nak\u0142adki stykowe ze stop\u00f3w srebra do styk\u00f3w elektrycznych<\/p>\n\t\t\t\t\t\t\t\t\t<\/div>\n\t\t\t\t\t\t\t\t\n\t\t\t\t\t\t\t\t\t\t\t\t\t\t\t\t\t<a href=\"https:\/\/sub.ax-metals.com\/pl\/produkty\/nakladki-stykowe\/\" class=\"post-item__link\" rel=\"bookmark\">Dowiedz si\u0119 wi\u0119cej<\/a>\n\t\t\t\t\t\t\t\t\t\t\t\t\t\t\t<\/div>\n\n\t\t\t\t\t\t<\/div>\n\t\t\t\t\t<\/article>\n\t\t\t\t\t\t\t\t\t<article class=\"post-item has-post-thumbnail\">\n\t\t\t\t\t\t<div class=\"post-item__inner-container\">\n\t\t\t\t\t\t\t\t\t\t\t\t\t\t\t<a href=\"https:\/\/sub.ax-metals.com\/pl\/produkty\/podzespoly-stykowe\/\" class=\"post-item__image\" rel=\"bookmark\">\n\t\t\t\t\t\t\t\t\t<img loading=\"lazy\" decoding=\"async\" width=\"2560\" height=\"1440\" src=\"https:\/\/sub.ax-metals.com\/wp-content\/uploads\/2025\/02\/PODZESPOLY_STYKOWE-scaled.avif\" class=\"attachment-1372 is-square\" alt=\"\" sizes=\"auto, (max-width: 512px) 100vw, 512px\" srcset=\"https:\/\/sub.ax-metals.com\/wp-content\/uploads\/2025\/02\/PODZESPOLY_STYKOWE-scaled.avif 2560w, https:\/\/sub.ax-metals.com\/wp-content\/uploads\/2025\/02\/PODZESPOLY_STYKOWE-300x169.avif 300w, https:\/\/sub.ax-metals.com\/wp-content\/uploads\/2025\/02\/PODZESPOLY_STYKOWE-1024x576.avif 1024w, https:\/\/sub.ax-metals.com\/wp-content\/uploads\/2025\/02\/PODZESPOLY_STYKOWE-768x432.avif 768w, https:\/\/sub.ax-metals.com\/wp-content\/uploads\/2025\/02\/PODZESPOLY_STYKOWE-1536x864.avif 1536w, https:\/\/sub.ax-metals.com\/wp-content\/uploads\/2025\/02\/PODZESPOLY_STYKOWE-2048x1152.avif 2048w\" \/>\t\t\t\t\t\t\t\t<\/a>\n\t\t\t\t\t\t\t\n\t\t\t\t\t\t\t<div class=\"post-item__content\">\n\t\t\t\t\t\t\t\t<div class=\"post-item__content__group\">\n\t\t\t\t\t\t\t\t\t\t\t\t\t\t\t\t\t<\/div>\n\n\t\t\t\t\t\t\t\t<h3 class=\"post-item__title\">\n\t\t\t\t\t\t\t\t\t<a href=\"https:\/\/sub.ax-metals.com\/pl\/produkty\/podzespoly-stykowe\/\" rel=\"bookmark\">Podzespo\u0142y stykowe<\/a>\n\t\t\t\t\t\t\t\t<\/h3>\n\n\t\t\t\t\t\t\t\t\n\t\t\t\t\t\t\t\t\t\t\t\t\t\t\t\t\t<div class=\"post-item__excerpt\">\n\t\t\t\t\t\t\t\t\t\t<p>Kompletne podzespo\u0142y stykowe do okre\u015blonych zastosowa\u0144<\/p>\n\t\t\t\t\t\t\t\t\t<\/div>\n\t\t\t\t\t\t\t\t\n\t\t\t\t\t\t\t\t\t\t\t\t\t\t\t\t\t<a href=\"https:\/\/sub.ax-metals.com\/pl\/produkty\/podzespoly-stykowe\/\" class=\"post-item__link\" rel=\"bookmark\">Dowiedz si\u0119 wi\u0119cej<\/a>\n\t\t\t\t\t\t\t\t\t\t\t\t\t\t\t<\/div>\n\n\t\t\t\t\t\t<\/div>\n\t\t\t\t\t<\/article>\n\t\t\t\t\t\t<\/div>\n\n\t\t\n\t\n<\/div><\/div>\n<\/div>\n<\/section>\n\n\n\n<section id=\"polfabrykaty\" class=\"section max-w-full product-view-two\">\n<div class=\"section__inner-container inner-container is-root-container\">\n<div class=\"product-view-two__header container max-w-wide\">\n<p class=\"subheading text\">Innowacyjne<\/p>\n\n\n\n<figure class=\"decor image\"><img decoding=\"async\" src=\"https:\/\/sub.ax-metals.com\/wp-content\/uploads\/2025\/01\/decor_2.svg\" class=\"wp-image-966\"\/><\/figure>\n\n\n\n<h2 id=\"\" class=\"heading h-48 lh-120\">P\u00f3\u0142fabrykaty<\/h2>\n\n\n\n<p class=\"text fs-18\">Oferujemy szeroki wyb\u00f3r wysokiej jako\u015bci wyrob\u00f3w stykowych, p\u00f3\u0142fabrykat\u00f3w, drut\u00f3w i innych produkt\u00f3w metalowych, kt\u00f3re spe\u0142niaj\u0105 najwy\u017csze standardy jako\u015bci i s\u0105 dost\u0119pne w konkurencyjnych cenach.<\/p>\n<\/div>\n\n\n\n<div class=\"product-view-two__content container max-w-wide\">\n<div class=\"posts max-w-wide\" >\n\n\t\n\t\t<div class=\"post-items grid cols-1 sm\/cols-2 md\/cols-3 gap-32\">\n\t\t\t\t\t\t\t\t<article class=\"post-item has-post-thumbnail\">\n\t\t\t\t\t\t<div class=\"post-item__inner-container\">\n\t\t\t\t\t\t\t\t\t\t\t\t\t\t\t<a href=\"https:\/\/sub.ax-metals.com\/pl\/produkty\/druty\/\" class=\"post-item__image\" rel=\"bookmark\">\n\t\t\t\t\t\t\t\t\t<img loading=\"lazy\" decoding=\"async\" width=\"2560\" height=\"1440\" src=\"https:\/\/sub.ax-metals.com\/wp-content\/uploads\/2025\/02\/DRUTY-scaled.avif\" class=\"attachment-1367 is-square\" alt=\"\" sizes=\"auto, (max-width: 512px) 100vw, 512px\" srcset=\"https:\/\/sub.ax-metals.com\/wp-content\/uploads\/2025\/02\/DRUTY-scaled.avif 2560w, https:\/\/sub.ax-metals.com\/wp-content\/uploads\/2025\/02\/DRUTY-300x169.avif 300w, https:\/\/sub.ax-metals.com\/wp-content\/uploads\/2025\/02\/DRUTY-1024x576.avif 1024w, https:\/\/sub.ax-metals.com\/wp-content\/uploads\/2025\/02\/DRUTY-768x432.avif 768w, https:\/\/sub.ax-metals.com\/wp-content\/uploads\/2025\/02\/DRUTY-1536x864.avif 1536w, https:\/\/sub.ax-metals.com\/wp-content\/uploads\/2025\/02\/DRUTY-2048x1152.avif 2048w\" \/>\t\t\t\t\t\t\t\t<\/a>\n\t\t\t\t\t\t\t\n\t\t\t\t\t\t\t<div class=\"post-item__content\">\n\t\t\t\t\t\t\t\t<div class=\"post-item__content__group\">\n\t\t\t\t\t\t\t\t\t\t\t\t\t\t\t\t\t<\/div>\n\n\t\t\t\t\t\t\t\t<h3 class=\"post-item__title\">\n\t\t\t\t\t\t\t\t\t<a href=\"https:\/\/sub.ax-metals.com\/pl\/produkty\/druty\/\" rel=\"bookmark\">Druty<\/a>\n\t\t\t\t\t\t\t\t<\/h3>\n\n\t\t\t\t\t\t\t\t\n\t\t\t\t\t\t\t\t\t\t\t\t\t\t\t\t\t<div class=\"post-item__excerpt\">\n\t\t\t\t\t\t\t\t\t\t<p>Precyzyjne druty z materia\u0142\u00f3w stykowych do przemys\u0142u i techniki<\/p>\n\t\t\t\t\t\t\t\t\t<\/div>\n\t\t\t\t\t\t\t\t\n\t\t\t\t\t\t\t\t\t\t\t\t\t\t\t\t\t<a href=\"https:\/\/sub.ax-metals.com\/pl\/produkty\/druty\/\" class=\"post-item__link\" rel=\"bookmark\">Dowiedz si\u0119\u00a0wi\u0119cej<\/a>\n\t\t\t\t\t\t\t\t\t\t\t\t\t\t\t<\/div>\n\n\t\t\t\t\t\t<\/div>\n\t\t\t\t\t<\/article>\n\t\t\t\t\t\t\t\t\t<article class=\"post-item has-post-thumbnail\">\n\t\t\t\t\t\t<div class=\"post-item__inner-container\">\n\t\t\t\t\t\t\t\t\t\t\t\t\t\t\t<a href=\"https:\/\/sub.ax-metals.com\/pl\/produkty\/profile-stykowe\/\" class=\"post-item__image\" rel=\"bookmark\">\n\t\t\t\t\t\t\t\t\t<img loading=\"lazy\" decoding=\"async\" width=\"2560\" height=\"1440\" src=\"https:\/\/sub.ax-metals.com\/wp-content\/uploads\/2025\/02\/PROFILE_STYKOWE-scaled.avif\" class=\"attachment-1366 is-square\" alt=\"\" sizes=\"auto, (max-width: 512px) 100vw, 512px\" srcset=\"https:\/\/sub.ax-metals.com\/wp-content\/uploads\/2025\/02\/PROFILE_STYKOWE-scaled.avif 2560w, https:\/\/sub.ax-metals.com\/wp-content\/uploads\/2025\/02\/PROFILE_STYKOWE-300x169.avif 300w, https:\/\/sub.ax-metals.com\/wp-content\/uploads\/2025\/02\/PROFILE_STYKOWE-1024x576.avif 1024w, https:\/\/sub.ax-metals.com\/wp-content\/uploads\/2025\/02\/PROFILE_STYKOWE-768x432.avif 768w, https:\/\/sub.ax-metals.com\/wp-content\/uploads\/2025\/02\/PROFILE_STYKOWE-1536x864.avif 1536w, https:\/\/sub.ax-metals.com\/wp-content\/uploads\/2025\/02\/PROFILE_STYKOWE-2048x1152.avif 2048w\" \/>\t\t\t\t\t\t\t\t<\/a>\n\t\t\t\t\t\t\t\n\t\t\t\t\t\t\t<div class=\"post-item__content\">\n\t\t\t\t\t\t\t\t<div class=\"post-item__content__group\">\n\t\t\t\t\t\t\t\t\t\t\t\t\t\t\t\t\t<\/div>\n\n\t\t\t\t\t\t\t\t<h3 class=\"post-item__title\">\n\t\t\t\t\t\t\t\t\t<a href=\"https:\/\/sub.ax-metals.com\/pl\/produkty\/profile-stykowe\/\" rel=\"bookmark\">Profile stykowe<\/a>\n\t\t\t\t\t\t\t\t<\/h3>\n\n\t\t\t\t\t\t\t\t\n\t\t\t\t\t\t\t\t\t\t\t\t\t\t\t\t\t<div class=\"post-item__excerpt\">\n\t\t\t\t\t\t\t\t\t\t<p>Precyzyjnie wykonane profile stykowe do r\u00f3\u017cnorodnych zastosowa\u0144 \u0142\u0105czeniowych<\/p>\n\t\t\t\t\t\t\t\t\t<\/div>\n\t\t\t\t\t\t\t\t\n\t\t\t\t\t\t\t\t\t\t\t\t\t\t\t\t\t<a href=\"https:\/\/sub.ax-metals.com\/pl\/produkty\/profile-stykowe\/\" class=\"post-item__link\" rel=\"bookmark\">Dowiedz si\u0119\u00a0wi\u0119cej<\/a>\n\t\t\t\t\t\t\t\t\t\t\t\t\t\t\t<\/div>\n\n\t\t\t\t\t\t<\/div>\n\t\t\t\t\t<\/article>\n\t\t\t\t\t\t\t\t\t<article class=\"post-item has-post-thumbnail\">\n\t\t\t\t\t\t<div class=\"post-item__inner-container\">\n\t\t\t\t\t\t\t\t\t\t\t\t\t\t\t<a href=\"https:\/\/sub.ax-metals.com\/pl\/produkty\/tasmy-stykowe\/\" class=\"post-item__image\" rel=\"bookmark\">\n\t\t\t\t\t\t\t\t\t<img loading=\"lazy\" decoding=\"async\" width=\"2560\" height=\"1440\" src=\"https:\/\/sub.ax-metals.com\/wp-content\/uploads\/2025\/02\/TASMY_STYKOWE-scaled.avif\" class=\"attachment-1368 is-square\" alt=\"\" sizes=\"auto, (max-width: 512px) 100vw, 512px\" srcset=\"https:\/\/sub.ax-metals.com\/wp-content\/uploads\/2025\/02\/TASMY_STYKOWE-scaled.avif 2560w, https:\/\/sub.ax-metals.com\/wp-content\/uploads\/2025\/02\/TASMY_STYKOWE-300x169.avif 300w, https:\/\/sub.ax-metals.com\/wp-content\/uploads\/2025\/02\/TASMY_STYKOWE-1024x576.avif 1024w, https:\/\/sub.ax-metals.com\/wp-content\/uploads\/2025\/02\/TASMY_STYKOWE-768x432.avif 768w, https:\/\/sub.ax-metals.com\/wp-content\/uploads\/2025\/02\/TASMY_STYKOWE-1536x864.avif 1536w, https:\/\/sub.ax-metals.com\/wp-content\/uploads\/2025\/02\/TASMY_STYKOWE-2048x1152.avif 2048w\" \/>\t\t\t\t\t\t\t\t<\/a>\n\t\t\t\t\t\t\t\n\t\t\t\t\t\t\t<div class=\"post-item__content\">\n\t\t\t\t\t\t\t\t<div class=\"post-item__content__group\">\n\t\t\t\t\t\t\t\t\t\t\t\t\t\t\t\t\t<\/div>\n\n\t\t\t\t\t\t\t\t<h3 class=\"post-item__title\">\n\t\t\t\t\t\t\t\t\t<a href=\"https:\/\/sub.ax-metals.com\/pl\/produkty\/tasmy-stykowe\/\" rel=\"bookmark\">Ta\u015bmy stykowe<\/a>\n\t\t\t\t\t\t\t\t<\/h3>\n\n\t\t\t\t\t\t\t\t\n\t\t\t\t\t\t\t\t\t\t\t\t\t\t\t\t\t<div class=\"post-item__excerpt\">\n\t\t\t\t\t\t\t\t\t\t<p>Ta\u015bmy stykowe do element\u00f3w t\u0142oczonych, przeka\u017anik\u00f3w i zespo\u0142\u00f3w elektrycznych<\/p>\n\t\t\t\t\t\t\t\t\t<\/div>\n\t\t\t\t\t\t\t\t\n\t\t\t\t\t\t\t\t\t\t\t\t\t\t\t\t\t<a href=\"https:\/\/sub.ax-metals.com\/pl\/produkty\/tasmy-stykowe\/\" class=\"post-item__link\" rel=\"bookmark\">Dowiedz si\u0119\u00a0wi\u0119cej<\/a>\n\t\t\t\t\t\t\t\t\t\t\t\t\t\t\t<\/div>\n\n\t\t\t\t\t\t<\/div>\n\t\t\t\t\t<\/article>\n\t\t\t\t\t\t<\/div>\n\n\t\t\n\t\n<\/div><\/div>\n<\/div>\n<\/section>\n\n\n\n<section id=\"czesci-tloczone\" class=\"section max-w-full product-view-three\">\n<div class=\"section__inner-container inner-container is-root-container\">\n<div class=\"container max-w-wide\">\n<div class=\"product-view-three__header container\">\n<p class=\"subheading text\">Innowacyjny<\/p>\n\n\n\n<figure class=\"decor image\"><img decoding=\"async\" src=\"https:\/\/sub.ax-metals.com\/wp-content\/uploads\/2024\/12\/decor.svg\" class=\"wp-image-128\"\/><\/figure>\n\n\n\n<h2 id=\"\" class=\"heading h-48 lh-120\">Cz\u0119\u015bci t\u0142oczone<\/h2>\n\n\n\n<p class=\"text fs-18\">Zapoznaj si\u0119 z nasz\u0105 ofert\u0105 ta\u015bm stykowych, kt\u00f3re s\u0105 niezawodnym rozwi\u0105zaniem do \u0142\u0105czenia element\u00f3w elektronicznych.<br><br>Oferujemy szerok\u0105 gam\u0119 wyrob\u00f3w stykowych, nity stykowych, nak\u0142adek stykowych, profili stykowych, podzespo\u0142\u00f3w stykowych, p\u00f3\u0142fabrykat\u00f3w, drut\u00f3w okr\u0105g\u0142ych, drut\u00f3w profilowanych, ta\u015bm stykowych oraz cz\u0119\u015bci t\u0142oczonych.<\/p>\n<\/div>\n\n\n\n<div class=\"product-view-three__content container\">\n<div class=\"posts max-w-wide\" >\n\n\t\n\t\t<div class=\"post-items grid cols-1 sm\/cols-2 gap-32\">\n\t\t\t\t\t\t\t\t<article class=\"post-item has-post-thumbnail\">\n\t\t\t\t\t\t<div class=\"post-item__inner-container\">\n\t\t\t\t\t\t\t\t\t\t\t\t\t\t\t<a href=\"https:\/\/sub.ax-metals.com\/pl\/produkty\/kolki-puste\/\" class=\"post-item__image\" rel=\"bookmark\">\n\t\t\t\t\t\t\t\t\t<img loading=\"lazy\" decoding=\"async\" width=\"2560\" height=\"1440\" src=\"https:\/\/sub.ax-metals.com\/wp-content\/uploads\/2025\/02\/KOLKI_PUSTE-scaled.avif\" class=\"attachment-1371 is-square\" alt=\"\" sizes=\"auto, (max-width: 512px) 100vw, 512px\" srcset=\"https:\/\/sub.ax-metals.com\/wp-content\/uploads\/2025\/02\/KOLKI_PUSTE-scaled.avif 2560w, https:\/\/sub.ax-metals.com\/wp-content\/uploads\/2025\/02\/KOLKI_PUSTE-300x169.avif 300w, https:\/\/sub.ax-metals.com\/wp-content\/uploads\/2025\/02\/KOLKI_PUSTE-1024x576.avif 1024w, https:\/\/sub.ax-metals.com\/wp-content\/uploads\/2025\/02\/KOLKI_PUSTE-768x432.avif 768w, https:\/\/sub.ax-metals.com\/wp-content\/uploads\/2025\/02\/KOLKI_PUSTE-1536x864.avif 1536w, https:\/\/sub.ax-metals.com\/wp-content\/uploads\/2025\/02\/KOLKI_PUSTE-2048x1152.avif 2048w\" \/>\t\t\t\t\t\t\t\t<\/a>\n\t\t\t\t\t\t\t\n\t\t\t\t\t\t\t<div class=\"post-item__content\">\n\t\t\t\t\t\t\t\t<div class=\"post-item__content__group\">\n\t\t\t\t\t\t\t\t\t\t\t\t\t\t\t\t\t<\/div>\n\n\t\t\t\t\t\t\t\t<h3 class=\"post-item__title\">\n\t\t\t\t\t\t\t\t\t<a href=\"https:\/\/sub.ax-metals.com\/pl\/produkty\/kolki-puste\/\" rel=\"bookmark\">Ko\u0142ki puste<\/a>\n\t\t\t\t\t\t\t\t<\/h3>\n\n\t\t\t\t\t\t\t\t\n\t\t\t\t\t\t\t\t\t\t\t\t\t\t\t\t\t<div class=\"post-item__excerpt\">\n\t\t\t\t\t\t\t\t\t\t<p>Wydajne ko\u0142ki puste do gniazd elektrycznych z uziemieniem<\/p>\n\t\t\t\t\t\t\t\t\t<\/div>\n\t\t\t\t\t\t\t\t\n\t\t\t\t\t\t\t\t\t\t\t\t\t\t\t\t\t<a href=\"https:\/\/sub.ax-metals.com\/pl\/produkty\/kolki-puste\/\" class=\"post-item__link\" rel=\"bookmark\">Dowiedz si\u0119\u00a0wi\u0119cej<\/a>\n\t\t\t\t\t\t\t\t\t\t\t\t\t\t\t<\/div>\n\n\t\t\t\t\t\t<\/div>\n\t\t\t\t\t<\/article>\n\t\t\t\t\t\t\t\t\t<article class=\"post-item has-post-thumbnail\">\n\t\t\t\t\t\t<div class=\"post-item__inner-container\">\n\t\t\t\t\t\t\t\t\t\t\t\t\t\t\t<a href=\"https:\/\/sub.ax-metals.com\/pl\/produkty\/czesci-do-gniazda\/\" class=\"post-item__image\" rel=\"bookmark\">\n\t\t\t\t\t\t\t\t\t<img loading=\"lazy\" decoding=\"async\" width=\"2560\" height=\"1440\" src=\"https:\/\/sub.ax-metals.com\/wp-content\/uploads\/2025\/02\/CZESCI_DO_GNIAZDA-scaled.avif\" class=\"attachment-1370 is-square\" alt=\"\" sizes=\"auto, (max-width: 512px) 100vw, 512px\" srcset=\"https:\/\/sub.ax-metals.com\/wp-content\/uploads\/2025\/02\/CZESCI_DO_GNIAZDA-scaled.avif 2560w, https:\/\/sub.ax-metals.com\/wp-content\/uploads\/2025\/02\/CZESCI_DO_GNIAZDA-300x169.avif 300w, https:\/\/sub.ax-metals.com\/wp-content\/uploads\/2025\/02\/CZESCI_DO_GNIAZDA-1024x576.avif 1024w, https:\/\/sub.ax-metals.com\/wp-content\/uploads\/2025\/02\/CZESCI_DO_GNIAZDA-768x432.avif 768w, https:\/\/sub.ax-metals.com\/wp-content\/uploads\/2025\/02\/CZESCI_DO_GNIAZDA-1536x864.avif 1536w, https:\/\/sub.ax-metals.com\/wp-content\/uploads\/2025\/02\/CZESCI_DO_GNIAZDA-2048x1152.avif 2048w\" \/>\t\t\t\t\t\t\t\t<\/a>\n\t\t\t\t\t\t\t\n\t\t\t\t\t\t\t<div class=\"post-item__content\">\n\t\t\t\t\t\t\t\t<div class=\"post-item__content__group\">\n\t\t\t\t\t\t\t\t\t\t\t\t\t\t\t\t\t<\/div>\n\n\t\t\t\t\t\t\t\t<h3 class=\"post-item__title\">\n\t\t\t\t\t\t\t\t\t<a href=\"https:\/\/sub.ax-metals.com\/pl\/produkty\/czesci-do-gniazda\/\" rel=\"bookmark\">Cz\u0119\u015bci do gniazda<\/a>\n\t\t\t\t\t\t\t\t<\/h3>\n\n\t\t\t\t\t\t\t\t\n\t\t\t\t\t\t\t\t\t\t\t\t\t\t\t\t\t<div class=\"post-item__excerpt\">\n\t\t\t\t\t\t\t\t\t\t<p>Precyzyjne elementy t\u0142oczone do gniazd elektrycznych<\/p>\n\t\t\t\t\t\t\t\t\t<\/div>\n\t\t\t\t\t\t\t\t\n\t\t\t\t\t\t\t\t\t\t\t\t\t\t\t\t\t<a href=\"https:\/\/sub.ax-metals.com\/pl\/produkty\/czesci-do-gniazda\/\" class=\"post-item__link\" rel=\"bookmark\">Dowiedz si\u0119\u00a0wi\u0119cej<\/a>\n\t\t\t\t\t\t\t\t\t\t\t\t\t\t\t<\/div>\n\n\t\t\t\t\t\t<\/div>\n\t\t\t\t\t<\/article>\n\t\t\t\t\t\t<\/div>\n\n\t\t\n\t\n<\/div><\/div>\n<\/div>\n<\/div>\n<\/section>\n\n\n\n<section id=\"cta\" class=\"cta section max-w-full cta-two\">\n<div class=\"cta__inner-container inner-container is-root-container\">\n<div class=\"container max-w-wide\">\n<div class=\"cta__header container\">\n<figure class=\"decor image\"><img decoding=\"async\" src=\"https:\/\/sub.ax-metals.com\/wp-content\/uploads\/2025\/01\/decor_2.svg\" class=\"wp-image-966\"\/><\/figure>\n\n\n\n<h2 class=\"heading h-48 lh-120\">Wy\u015blij zapytanie<\/h2>\n\n\n\n<p class=\"text fs-18\">Aby uzyska\u0107 wi\u0119cej informacji na temat naszych produkt\u00f3w, skontaktuj si\u0119 z nami.<\/p>\n\n\n\n<a href=\"\/pl\/kontakt\/#form-section\" class=\"button is-left-aligned\" target=\"_self\" rel=\"noopener noreferrer\"><span class=\"button__text\">Wy\u015blij zapytanie<\/span><span class=\"button__icon\"><svg xmlns=\"http:\/\/www.w3.org\/2000\/svg\" width=\"16\" height=\"17\" viewBox=\"0 0 16 17\" fill=\"none\" aria-hidden=\"true\"><path d=\"M8 0.625977L6.59 2.03598L12.17 7.62598H0V9.62598H12.17L6.59 15.216L8 16.626L16 8.62598L8 0.625977Z\" fill=\"#22497D\"><\/path><\/svg><\/span><span class=\"button__bg\"><\/span><\/a>\n<\/div>\n<\/div>\n<\/div>\n\n\n<\/section>\n","protected":false},"excerpt":{"rendered":"","protected":false},"author":1,"featured_media":0,"parent":0,"menu_order":0,"comment_status":"closed","ping_status":"closed","template":"","meta":{"footnotes":""},"class_list":["post-422","page","type-page","status-publish","hentry"],"_links":{"self":[{"href":"https:\/\/sub.ax-metals.com\/pl\/wp-json\/wp\/v2\/pages\/422","targetHints":{"allow":["GET"]}}],"collection":[{"href":"https:\/\/sub.ax-metals.com\/pl\/wp-json\/wp\/v2\/pages"}],"about":[{"href":"https:\/\/sub.ax-metals.com\/pl\/wp-json\/wp\/v2\/types\/page"}],"author":[{"embeddable":true,"href":"https:\/\/sub.ax-metals.com\/pl\/wp-json\/wp\/v2\/users\/1"}],"replies":[{"embeddable":true,"href":"https:\/\/sub.ax-metals.com\/pl\/wp-json\/wp\/v2\/comments?post=422"}],"version-history":[{"count":5,"href":"https:\/\/sub.ax-metals.com\/pl\/wp-json\/wp\/v2\/pages\/422\/revisions"}],"predecessor-version":[{"id":4090,"href":"https:\/\/sub.ax-metals.com\/pl\/wp-json\/wp\/v2\/pages\/422\/revisions\/4090"}],"wp:attachment":[{"href":"https:\/\/sub.ax-metals.com\/pl\/wp-json\/wp\/v2\/media?parent=422"}],"curies":[{"name":"wp","href":"https:\/\/api.w.org\/{rel}","templated":true}]}}