{"id":3356,"date":"2024-12-09T01:02:42","date_gmt":"2024-12-09T00:02:42","guid":{"rendered":"https:\/\/sub.ax-metals.com\/branze-2\/"},"modified":"2025-07-17T15:05:34","modified_gmt":"2025-07-17T13:05:34","slug":"branze","status":"publish","type":"page","link":"https:\/\/sub.ax-metals.com\/pl\/branze\/","title":{"rendered":"Bran\u017ce"},"content":{"rendered":"\n<section class=\"section max-w-full page-header\">\n<div class=\"section__inner-container inner-container is-root-container\">\n<div id=\"page-header\" class=\"container max-w-wide page-header\">\n<h1 class=\"heading h-75 lh-110\">Bran\u017ce<\/h1>\n<\/div>\n<\/div>\n<\/section>\n\n\n\n<section id=\"related-industries\" class=\"section max-w-full related-industries\">\n<div class=\"section__inner-container inner-container is-root-container\">\n<div class=\"container max-w-wide\">\n\n<div\n\tclass=\"related-posts splide js-slider has-pagination\"\n\t\t data-splide=\"{ &quot;type&quot;: &quot;loop&quot;, &quot;perPage&quot;: 1, &quot;perMove&quot;: 1, &quot;speed&quot;: 1300, &quot;autoplay&quot;: false, &quot;arrows&quot;: false, &quot;pagination&quot;: true, &quot;progressBar&quot;: false, &quot;breakpoints&quot;: { &quot;1280&quot;: { &quot;perPage&quot;: 1, &quot;perMove&quot;: 1 }, &quot;960&quot;: { &quot;perPage&quot;: 1, &quot;perMove&quot;: 1 }, &quot;640&quot;: { &quot;perPage&quot;: 1, &quot;perMove&quot;: 1 }, &quot;1&quot;: { &quot;perPage&quot;: 1, &quot;perMove&quot;: 1 } } }\">\n\n\t\n\t\t<div class=\"splide__track items-1\">\n\t\t\t<div class=\"splide__list\">\n\n\t\t\t\t\n\t\t\t\t\t<article class=\"splide__slide post-item\">\n\t\t\t\t\t\t<div class=\"post-item__inner-container\">\n\n\t\t\t\t\t\t\t\n\t\t\t\t\t\t\t\t<a href=\"https:\/\/sub.ax-metals.com\/pl\/branze\/elektrotechniczna\/\" class=\"post-item__image\" rel=\"bookmark\">\n\t\t\t\t\t\t\t\t\t<img loading=\"lazy\" decoding=\"async\" width=\"2100\" height=\"700\" src=\"https:\/\/sub.ax-metals.com\/wp-content\/uploads\/2024\/11\/Elektrotechnika-hero.jpg.webp\" class=\"post-item__img attachment-2402\" alt=\"\" sizes=\"auto, (max-width:512px) 100vw, 512px\" srcset=\"https:\/\/sub.ax-metals.com\/wp-content\/uploads\/2024\/11\/Elektrotechnika-hero.jpg.webp 2100w, https:\/\/sub.ax-metals.com\/wp-content\/uploads\/2024\/11\/Elektrotechnika-hero.jpg-300x100.webp 300w, https:\/\/sub.ax-metals.com\/wp-content\/uploads\/2024\/11\/Elektrotechnika-hero.jpg-1024x341.webp 1024w, https:\/\/sub.ax-metals.com\/wp-content\/uploads\/2024\/11\/Elektrotechnika-hero.jpg-768x256.webp 768w, https:\/\/sub.ax-metals.com\/wp-content\/uploads\/2024\/11\/Elektrotechnika-hero.jpg-1536x512.webp 1536w, https:\/\/sub.ax-metals.com\/wp-content\/uploads\/2024\/11\/Elektrotechnika-hero.jpg-2048x683.webp 2048w\" \/>\t\t\t\t\t\t\t\t<\/a>\n\n\t\t\t\t\t\t\t\n\t\t\t\t\t\t\t<div class=\"post-item__content\">\n\n\t\t\t\t\t\t\t\t\n\t\t\t\t\t\t\t\t<div>\n\n\t\t\t\t\t\t\t\t<p class=\"subheading\">Bran\u017ca<\/p>\n\n\t\t\t\t\t\t\t\t\t<h3 class=\"post-item__title\">\n\t\t\t\t\t\t\t\t\t\t<a href=\"https:\/\/sub.ax-metals.com\/pl\/branze\/elektrotechniczna\/\" rel=\"bookmark\">Elektrotechniczna<\/a>\n\t\t\t\t\t\t\t\t\t<\/h3>\n\n\t\t\t\t\t\t\t\t\t<p class=\"text\"><\/p>\n\n\t\t\t\t\t\t\t\t\t\t\t\t\t\t\t\t\t\t\t<div class=\"post-item__excerpt\">\n\t\t\t\t\t\t\t\t\t\t\t<p>W elektrotechnice jako\u015b\u0107 materia\u0142\u00f3w stykowych decyduje o efektywno\u015bci i bezpiecze\u0144stwie eksploatacji. Nasze rozwi\u0105zania zapewniaj\u0105 niezawodne przewodzenie pr\u0105du \u2013 dla z\u0142o\u017conych uk\u0142ad\u00f3w, system\u00f3w przemys\u0142owych oraz nowoczesnej techniki automatyki.<\/p>\n\t\t\t\t\t\t\t\t\t\t<\/div>\n\t\t\t\t\t\t\t\t\t\n\t\t\t\t\t\t\t\t<\/div>\n\n\t\t\t\t\t\t\t\t<div class=\"post-details\">\n\t\t\t\t\t\t\t\t\t<span class=\"author-avatar\">\n\t\t\t\t\t\t\t\t\t\t<img alt='Author avatar' src='https:\/\/secure.gravatar.com\/avatar\/fbfdf2610b0e763a8a4aeeb7ae1c8994529a12d1f021b67807393f82b35987e1?s=32&#038;d=mm&#038;r=g' srcset='https:\/\/secure.gravatar.com\/avatar\/fbfdf2610b0e763a8a4aeeb7ae1c8994529a12d1f021b67807393f82b35987e1?s=64&#038;d=mm&#038;r=g 2x' class='avatar avatar-32 photo author-avatar' height='32' width='32' \/>\t\t\t\t\t\t\t\t\t<\/span>\n\t\t\t\t\t\t\t\t\t<div>\n\t\t\t\t\t\t\t\t\t\t<span class=\"author-name\">brantt<\/span>\n\t\t\t\t\t\t\t\t\t\t<div class=\"meta\">\n\t\t\t\t\t\t\t\t\t\t\t<p class=\"date\">28 lis 2024<\/p>\n\t\t\t\t\t\t\t\t\t\t\t&bullet;\n\t\t\t\t\t\t\t\t\t\t\t<p class=\"reading-time\">\n\t\t\t\t\t\t\t\t\t\t\t\t2 min czytania\t\t\t\t\t\t\t\t\t\t\t<\/p>\n\t\t\t\t\t\t\t\t\t\t<\/div>\n\t\t\t\t\t\t\t\t\t<\/div>\n\t\t\t\t\t\t\t\t<\/div>\n\n\t\t\t\t\t\t\t<\/div>\n\n\n\t\t\t\t\t\t<\/div>\n\t\t\t\t\t<\/article>\n\n\t\t\t\t\n\t\t\t\t\t<article class=\"splide__slide post-item\">\n\t\t\t\t\t\t<div class=\"post-item__inner-container\">\n\n\t\t\t\t\t\t\t\n\t\t\t\t\t\t\t\t<a href=\"https:\/\/sub.ax-metals.com\/pl\/branze\/elektroinstalacyjna\/\" class=\"post-item__image\" rel=\"bookmark\">\n\t\t\t\t\t\t\t\t\t<img loading=\"lazy\" decoding=\"async\" width=\"2100\" height=\"700\" src=\"https:\/\/sub.ax-metals.com\/wp-content\/uploads\/2024\/11\/Elektrotechnika-hero.jpg.webp\" class=\"post-item__img attachment-2402\" alt=\"\" sizes=\"auto, (max-width:512px) 100vw, 512px\" srcset=\"https:\/\/sub.ax-metals.com\/wp-content\/uploads\/2024\/11\/Elektrotechnika-hero.jpg.webp 2100w, https:\/\/sub.ax-metals.com\/wp-content\/uploads\/2024\/11\/Elektrotechnika-hero.jpg-300x100.webp 300w, https:\/\/sub.ax-metals.com\/wp-content\/uploads\/2024\/11\/Elektrotechnika-hero.jpg-1024x341.webp 1024w, https:\/\/sub.ax-metals.com\/wp-content\/uploads\/2024\/11\/Elektrotechnika-hero.jpg-768x256.webp 768w, https:\/\/sub.ax-metals.com\/wp-content\/uploads\/2024\/11\/Elektrotechnika-hero.jpg-1536x512.webp 1536w, https:\/\/sub.ax-metals.com\/wp-content\/uploads\/2024\/11\/Elektrotechnika-hero.jpg-2048x683.webp 2048w\" \/>\t\t\t\t\t\t\t\t<\/a>\n\n\t\t\t\t\t\t\t\n\t\t\t\t\t\t\t<div class=\"post-item__content\">\n\n\t\t\t\t\t\t\t\t\n\t\t\t\t\t\t\t\t<div>\n\n\t\t\t\t\t\t\t\t<p class=\"subheading\">Bran\u017ca<\/p>\n\n\t\t\t\t\t\t\t\t\t<h3 class=\"post-item__title\">\n\t\t\t\t\t\t\t\t\t\t<a href=\"https:\/\/sub.ax-metals.com\/pl\/branze\/elektroinstalacyjna\/\" rel=\"bookmark\">Elektroinstalacyjna<\/a>\n\t\t\t\t\t\t\t\t\t<\/h3>\n\n\t\t\t\t\t\t\t\t\t<p class=\"text\"><\/p>\n\n\t\t\t\t\t\t\t\t\t\t\t\t\t\t\t\t\t\t\t<div class=\"post-item__excerpt\">\n\t\t\t\t\t\t\t\t\t\t\t<p>Materia\u0142y stykowe maj\u0105 kluczowe znaczenie dla bezpiecze\u0144stwa i wydajno\u015bci nowoczesnych instalacji elektrycznych. Dostarczamy wysokiej jako\u015bci rozwi\u0105zania do prze\u0142\u0105cznik\u00f3w, zacisk\u00f3w i system\u00f3w wtykowych \u2013 z kr\u00f3tkimi terminami dostaw i niezawodn\u0105 jako\u015bci\u0105.<\/p>\n\t\t\t\t\t\t\t\t\t\t<\/div>\n\t\t\t\t\t\t\t\t\t\n\t\t\t\t\t\t\t\t<\/div>\n\n\t\t\t\t\t\t\t\t<div class=\"post-details\">\n\t\t\t\t\t\t\t\t\t<span class=\"author-avatar\">\n\t\t\t\t\t\t\t\t\t\t<img alt='Author avatar' src='https:\/\/secure.gravatar.com\/avatar\/fbfdf2610b0e763a8a4aeeb7ae1c8994529a12d1f021b67807393f82b35987e1?s=32&#038;d=mm&#038;r=g' srcset='https:\/\/secure.gravatar.com\/avatar\/fbfdf2610b0e763a8a4aeeb7ae1c8994529a12d1f021b67807393f82b35987e1?s=64&#038;d=mm&#038;r=g 2x' class='avatar avatar-32 photo author-avatar' height='32' width='32' \/>\t\t\t\t\t\t\t\t\t<\/span>\n\t\t\t\t\t\t\t\t\t<div>\n\t\t\t\t\t\t\t\t\t\t<span class=\"author-name\">brantt<\/span>\n\t\t\t\t\t\t\t\t\t\t<div class=\"meta\">\n\t\t\t\t\t\t\t\t\t\t\t<p class=\"date\">28 lis 2024<\/p>\n\t\t\t\t\t\t\t\t\t\t\t&bullet;\n\t\t\t\t\t\t\t\t\t\t\t<p class=\"reading-time\">\n\t\t\t\t\t\t\t\t\t\t\t\t2 min czytania\t\t\t\t\t\t\t\t\t\t\t<\/p>\n\t\t\t\t\t\t\t\t\t\t<\/div>\n\t\t\t\t\t\t\t\t\t<\/div>\n\t\t\t\t\t\t\t\t<\/div>\n\n\t\t\t\t\t\t\t<\/div>\n\n\n\t\t\t\t\t\t<\/div>\n\t\t\t\t\t<\/article>\n\n\t\t\t\t\n\t\t\t\t\t<article class=\"splide__slide post-item\">\n\t\t\t\t\t\t<div class=\"post-item__inner-container\">\n\n\t\t\t\t\t\t\t\n\t\t\t\t\t\t\t\t<a href=\"https:\/\/sub.ax-metals.com\/pl\/branze\/motoryzacyjna\/\" class=\"post-item__image\" rel=\"bookmark\">\n\t\t\t\t\t\t\t\t\t<img loading=\"lazy\" decoding=\"async\" width=\"2100\" height=\"700\" src=\"https:\/\/sub.ax-metals.com\/wp-content\/uploads\/2024\/11\/Elektrotechnika-hero.jpg.webp\" class=\"post-item__img attachment-2402\" alt=\"\" sizes=\"auto, (max-width:512px) 100vw, 512px\" srcset=\"https:\/\/sub.ax-metals.com\/wp-content\/uploads\/2024\/11\/Elektrotechnika-hero.jpg.webp 2100w, https:\/\/sub.ax-metals.com\/wp-content\/uploads\/2024\/11\/Elektrotechnika-hero.jpg-300x100.webp 300w, https:\/\/sub.ax-metals.com\/wp-content\/uploads\/2024\/11\/Elektrotechnika-hero.jpg-1024x341.webp 1024w, https:\/\/sub.ax-metals.com\/wp-content\/uploads\/2024\/11\/Elektrotechnika-hero.jpg-768x256.webp 768w, https:\/\/sub.ax-metals.com\/wp-content\/uploads\/2024\/11\/Elektrotechnika-hero.jpg-1536x512.webp 1536w, https:\/\/sub.ax-metals.com\/wp-content\/uploads\/2024\/11\/Elektrotechnika-hero.jpg-2048x683.webp 2048w\" \/>\t\t\t\t\t\t\t\t<\/a>\n\n\t\t\t\t\t\t\t\n\t\t\t\t\t\t\t<div class=\"post-item__content\">\n\n\t\t\t\t\t\t\t\t\n\t\t\t\t\t\t\t\t<div>\n\n\t\t\t\t\t\t\t\t<p class=\"subheading\">Bran\u017ca<\/p>\n\n\t\t\t\t\t\t\t\t\t<h3 class=\"post-item__title\">\n\t\t\t\t\t\t\t\t\t\t<a href=\"https:\/\/sub.ax-metals.com\/pl\/branze\/motoryzacyjna\/\" rel=\"bookmark\">Motoryzacyjna<\/a>\n\t\t\t\t\t\t\t\t\t<\/h3>\n\n\t\t\t\t\t\t\t\t\t<p class=\"text\"><\/p>\n\n\t\t\t\t\t\t\t\t\t\t\t\t\t\t\t\t\t\t\t<div class=\"post-item__excerpt\">\n\t\t\t\t\t\t\t\t\t\t\t<p>Bran\u017ca motoryzacyjna stawia najwy\u017csze wymagania w zakresie element\u00f3w stykowych, niezawodno\u015bci i identyfikowalno\u015bci, szczeg\u00f3lnie dla system\u00f3w bezpiecze\u0144stwa, elektromobilno\u015bci oraz zautomatyzowanych proces\u00f3w produkcyjnych w seryjnej produkcji nowoczesnych pojazd\u00f3w.<\/p>\n\t\t\t\t\t\t\t\t\t\t<\/div>\n\t\t\t\t\t\t\t\t\t\n\t\t\t\t\t\t\t\t<\/div>\n\n\t\t\t\t\t\t\t\t<div class=\"post-details\">\n\t\t\t\t\t\t\t\t\t<span class=\"author-avatar\">\n\t\t\t\t\t\t\t\t\t\t<img alt='Author avatar' src='https:\/\/secure.gravatar.com\/avatar\/fbfdf2610b0e763a8a4aeeb7ae1c8994529a12d1f021b67807393f82b35987e1?s=32&#038;d=mm&#038;r=g' srcset='https:\/\/secure.gravatar.com\/avatar\/fbfdf2610b0e763a8a4aeeb7ae1c8994529a12d1f021b67807393f82b35987e1?s=64&#038;d=mm&#038;r=g 2x' class='avatar avatar-32 photo author-avatar' height='32' width='32' \/>\t\t\t\t\t\t\t\t\t<\/span>\n\t\t\t\t\t\t\t\t\t<div>\n\t\t\t\t\t\t\t\t\t\t<span class=\"author-name\">brantt<\/span>\n\t\t\t\t\t\t\t\t\t\t<div class=\"meta\">\n\t\t\t\t\t\t\t\t\t\t\t<p class=\"date\">28 lis 2024<\/p>\n\t\t\t\t\t\t\t\t\t\t\t&bullet;\n\t\t\t\t\t\t\t\t\t\t\t<p class=\"reading-time\">\n\t\t\t\t\t\t\t\t\t\t\t\t2 min czytania\t\t\t\t\t\t\t\t\t\t\t<\/p>\n\t\t\t\t\t\t\t\t\t\t<\/div>\n\t\t\t\t\t\t\t\t\t<\/div>\n\t\t\t\t\t\t\t\t<\/div>\n\n\t\t\t\t\t\t\t<\/div>\n\n\n\t\t\t\t\t\t<\/div>\n\t\t\t\t\t<\/article>\n\n\t\t\t\t\n\t\t\t<\/div>\n\t\t<\/div>\n\n\t\t\t\t\t<nav class=\"splide__navigation\">\n\t\t\t\t\t\t\t\t\t<ul class=\"splide__pagination\"><\/ul>\n\t\t\t\t\t\t\t<\/nav>\n\t\t\n\t\t\n\t\t\n<\/div>\n<\/div>\n<\/div>\n<\/section>\n","protected":false},"excerpt":{"rendered":"","protected":false},"author":1,"featured_media":0,"parent":0,"menu_order":0,"comment_status":"closed","ping_status":"closed","template":"","meta":{"footnotes":""},"class_list":["post-3356","page","type-page","status-publish","hentry"],"_links":{"self":[{"href":"https:\/\/sub.ax-metals.com\/pl\/wp-json\/wp\/v2\/pages\/3356","targetHints":{"allow":["GET"]}}],"collection":[{"href":"https:\/\/sub.ax-metals.com\/pl\/wp-json\/wp\/v2\/pages"}],"about":[{"href":"https:\/\/sub.ax-metals.com\/pl\/wp-json\/wp\/v2\/types\/page"}],"author":[{"embeddable":true,"href":"https:\/\/sub.ax-metals.com\/pl\/wp-json\/wp\/v2\/users\/1"}],"replies":[{"embeddable":true,"href":"https:\/\/sub.ax-metals.com\/pl\/wp-json\/wp\/v2\/comments?post=3356"}],"version-history":[{"count":3,"href":"https:\/\/sub.ax-metals.com\/pl\/wp-json\/wp\/v2\/pages\/3356\/revisions"}],"predecessor-version":[{"id":3362,"href":"https:\/\/sub.ax-metals.com\/pl\/wp-json\/wp\/v2\/pages\/3356\/revisions\/3362"}],"wp:attachment":[{"href":"https:\/\/sub.ax-metals.com\/pl\/wp-json\/wp\/v2\/media?parent=3356"}],"curies":[{"name":"wp","href":"https:\/\/api.w.org\/{rel}","templated":true}]}}