{"id":3,"date":"2024-11-15T18:29:00","date_gmt":"2024-11-15T17:29:00","guid":{"rendered":"http:\/\/ax-metals.local\/?page_id=3"},"modified":"2025-02-24T08:53:28","modified_gmt":"2025-02-24T07:53:28","slug":"polityka-prywatnosci","status":"publish","type":"page","link":"https:\/\/sub.ax-metals.com\/pl\/polityka-prywatnosci\/","title":{"rendered":"Polityka prywatno\u015bci"},"content":{"rendered":"\n<h2 class=\"heading h-24\">Nag\u0142\u00f3wek 2<\/h2>\n\n\n\n<p class=\"text\"><strong>Dolor enim eu tortor urna sed duis nulla. Aliquam vestibulum, nulla odio nisl vitae. In aliquet pellentesque aenean hac vestibulum turpis mi bibendum diam. Tempor integer aliquam in vitae malesuada fringilla.<\/strong><\/p>\n\n\n\n<p class=\"text\">Mi tincidunt elit, id quisque ligula ac diam, amet. Vel etiam suspendisse morbi eleifend faucibus eget vestibulum felis. Dictum quis montes, sit sit. Tellus aliquam enim urna, etiam. Mauris posuere vulputate arcu amet, vitae nisi, tellus tincidunt. At feugiat sapien varius id.<\/p>\n\n\n\n<h3 class=\"heading h-24\">Nag\u0142\u00f3wek 3<\/h3>\n\n\n\n<p class=\"text\">Eget quis mi enim, leo lacinia pharetra, semper. Eget in volutpat mollis at volutpat lectus velit, sed auctor. Porttitor fames arcu quis fusce augue enim. Quis at habitant diam at. Suscipit tristique risus, at donec. In turpis vel et quam imperdiet. Ipsum molestie aliquet sodales id est ac volutpat.<\/p>\n\n\n\n<p class=\"text\">Tristique odio senectus nam posuere ornare leo metus, ultricies. Blandit duis ultricies vulputate morbi feugiat cras placerat elit. Aliquam tellus lorem sed ac. Montes, sed mattis pellentesque suscipit accumsan. Cursus viverra aenean magna risus elementum faucibus molestie pellentesque. Arcu ultricies sed mauris vestibulum.<\/p>\n\n\n\n<h4 class=\"heading h-24\">Nag\u0142\u00f3wek 4<\/h4>\n\n\n\n<p class=\"text\">Morbi sed imperdiet in ipsum, adipiscing elit dui lectus. Tellus id scelerisque est ultricies ultricies. Duis est sit sed leo nisl, blandit elit sagittis. Quisque tristique consequat quam sed. Nisl at scelerisque amet nulla purus habitasse.<\/p>\n\n\n\n<figure class=\"image has-caption\"><img loading=\"lazy\" decoding=\"async\" src=\"https:\/\/sub.ax-metals.com\/wp-content\/uploads\/2025\/02\/NAKLADKI_STYKOWE-scaled.avif\" class=\"wp-image-1369\" width=\"2560\" height=\"1440\" srcset=\"https:\/\/sub.ax-metals.com\/wp-content\/uploads\/2025\/02\/NAKLADKI_STYKOWE-scaled.avif 2560w, https:\/\/sub.ax-metals.com\/wp-content\/uploads\/2025\/02\/NAKLADKI_STYKOWE-300x169.avif 300w, https:\/\/sub.ax-metals.com\/wp-content\/uploads\/2025\/02\/NAKLADKI_STYKOWE-1024x576.avif 1024w, https:\/\/sub.ax-metals.com\/wp-content\/uploads\/2025\/02\/NAKLADKI_STYKOWE-768x432.avif 768w, https:\/\/sub.ax-metals.com\/wp-content\/uploads\/2025\/02\/NAKLADKI_STYKOWE-1536x864.avif 1536w, https:\/\/sub.ax-metals.com\/wp-content\/uploads\/2025\/02\/NAKLADKI_STYKOWE-2048x1152.avif 2048w\" sizes=\"auto, (max-width: 2560px) 100vw, 2560px\" \/><figcaption>Image caption goes here<\/figcaption><\/figure>\n\n\n\n<h5 class=\"heading h-24\">Nag\u0142\u00f3wek 5<\/h5>\n\n\n\n<p class=\"text\">Morbi sed imperdiet in ipsum, adipiscing elit dui lectus. Tellus id scelerisque est ultricies ultricies. Duis est sit sed leo nisl, blandit elit sagittis. Quisque tristique consequat quam sed. Nisl at scelerisque amet nulla purus habitasse.<\/p>\n\n\n\n<blockquote class=\"quote mt-16 mb-16\"><p>&#8222;Ipsum sit mattis nulla quam nulla. Gravida id gravida ac enim mauris id. Non pellentesque congue eget consectetur turpis. Sapien, dictum molestie sem tempor. Diam elit, orci, tincidunt aenean tempus.&#8221;<\/p><\/blockquote>\n\n\n\n<h6 class=\"heading h-24\">Nag\u0142\u00f3wek 6<\/h6>\n\n\n\n<p class=\"text\">Nunc sed faucibus bibendum feugiat sed interdum. Ipsum egestas condimentum mi massa. In tincidunt pharetra consectetur sed duis facilisis metus. Etiam egestas in nec sed et. Quis lobortis at sit dictum eget nibh tortor commodo cursus.<\/p>\n\n\n\n<h2 class=\"heading h-24\">Ochrona danych<\/h2>\n\n\n\n<p class=\"text\">Je\u017celi na witrynie internetowej istnieje mo\u017cliwo\u015b\u0107 podawania danych osobowych lub biznesowych (adresy e-mailowe, imiona\/nazwiska, adresy), ujawnienie tych danych nast\u0119puje ze strony u\u017cytkownika jednoznacznie na zasadzie dobrowolno\u015bci. W miar\u0119 mo\u017cliwo\u015bci technicznych dozwolone r\u00f3wnie\u017c korzystanie z wszelkich oferowanych us\u0142ug lub dokonywanie op\u0142at za us\u0142ugi bez podawania danych osobowych b\u0105d\u017a przy pomocy danych zanonimizowanych czy pseudonim\u00f3w.<\/p>\n\n\n\n<p class=\"text\">Niedozwolone jest&nbsp; wykorzystywanie danych z zakresu impresum lub podobnych opublikowanych danych kontaktowych takich jak adresy pocztowe, numery telefonu lub faksu oraz adresy e-mailowe przez osoby trzecie w celu przesy\u0142ania nie zam\u00f3wionych wyra\u017anie\/jednoznacznie informacji.Wyra\u017anie zastrzega si\u0119 wniesienie krok\u00f3w prawnych przeciwko nadawcy tych tzw. Spam-Mails w razie wykroczeniu przeciwko niniejszemu zakazowi.<\/p>\n\n\n\n<p class=\"text\">AX-METALS GmbH automatycznie zapisuje i przechowuje w swoich serwerach Log Files informacje przekazywane przez przegl\u0105dark\u0119 u\u017cytkownika, takie jak m. in.:<\/p>\n\n\n\n<ul class=\"list\">\n<li class=\"list-item\"><span class=\"text\">Rodzaj przegl\u0105darki<\/span><\/li>\n\n\n\n<li class=\"list-item\"><span class=\"text\">Stosowany system operacyjny<\/span><\/li>\n\n\n\n<li class=\"list-item\"><span class=\"text\">Referrer URL (strona odwiedzona poprzednio)<\/span><\/li>\n\n\n\n<li class=\"list-item\"><span class=\"text\">Hostname (adres IP)<\/span><\/li>\n\n\n\n<li class=\"list-item\"><span class=\"text\">Data i godzina wywo\u0142ania.<\/span><\/li>\n<\/ul>\n\n\n\n<p class=\"text\">Zapisywane dane ewaluowane s\u0105 przez AX-METALS GmbH wy\u0142\u0105cznie dla cel\u00f3w statystycznych. Nie s\u0105 one przekazywane osobom trzecim ani uzupe\u0142niane danymi z innych \u017ar\u00f3de\u0142. Po przeprowadzeniu analizy statystycznej dane te s\u0105 usuwane.<\/p>\n\n\n\n<h6 class=\"heading h-24\">Skuteczno\u015b\u0107 prawna niniejszego wy\u0142\u0105czenia odpowiedzialno\u015bci cywilnej<\/h6>\n\n\n\n<p class=\"text\">Niniejsze wykluczenie odpowiedzialno\u015bci cywilnej nale\u017cy traktowa\u0107 jako cz\u0119\u015b\u0107 witryny internetowej, z kt\u00f3rej odes\u0142ano na t\u0119 stron\u0119. Gdyby fragmenty lub pojedyncze sformu\u0142owania niniejszego tekstu nie odpowiada\u0142y, przesta\u0142y odpowiada\u0107 lub te\u017c nie odpowiada\u0142y w pe\u0142ni obowi\u0105zuj\u0105cej sytuacji prawnej, w\u00f3wczas pozosta\u0142e fragmenty dokumentu pozostaj\u0105 \u2013 w swojej tre\u015bci i wa\u017cno\u015bci \u2013 nienaruszone.<\/p>\n\n\n\n<h6 class=\"heading h-24\">Cookies<\/h6>\n\n\n\n<p class=\"text\">W celu zapewnienia optymalnego i bezpiecznego korzystania z naszej oferty internetowej strona wykorzystuje w wielu miejscach tzw. cookies. Cookies s\u0105 to pliki tekstowe, kt\u00f3re przechowywane s\u0105 przez browser u\u017cytkownika serwisu w jego urz\u0105dzeniu ko\u0144cowym. Wi\u0119kszo\u015b\u0107 ze stosowanych przez nas cookies stanowi\u0105 tzw. \u201esession cookies\u201c(tymczasowe cookies sesyjne), kt\u00f3re przechowywane s\u0105 w urz\u0105dzeniu ko\u0144cowym u\u017cytkownika do czasu wylogowania, opuszczenia strony internetowej lub wy\u0142\u0105czenia oprogramowania (przegl\u0105darki internetowej). Cookies nie wyrz\u0105dzaj\u0105 w urz\u0105dzeniu ko\u0144cowym u\u017cytkownika szk\u00f3d i nie zawieraj\u0105 wirus\u00f3w.<\/p>\n\n\n\n<h6 class=\"heading h-24\">Prawo do informacji<\/h6>\n\n\n\n<p class=\"text\">U\u017cytkowik ma w ka\u017cdej chwili prawo do informacji odno\u015bnie zapisanych na jego temat danych, ich pochodzenia, adresata oraz celu ich zapisu. W razie dalszych pyta\u0144 dotycz\u0105cych ochrony danych osobowych prosimy zwr\u00f3ci\u0107 si\u0119 do firmy AX-METALS GmbH<\/p>\n","protected":false},"excerpt":{"rendered":"","protected":false},"author":1,"featured_media":0,"parent":0,"menu_order":0,"comment_status":"closed","ping_status":"closed","template":"page-toc.php","meta":{"footnotes":""},"class_list":["post-3","page","type-page","status-publish","hentry"],"_links":{"self":[{"href":"https:\/\/sub.ax-metals.com\/pl\/wp-json\/wp\/v2\/pages\/3","targetHints":{"allow":["GET"]}}],"collection":[{"href":"https:\/\/sub.ax-metals.com\/pl\/wp-json\/wp\/v2\/pages"}],"about":[{"href":"https:\/\/sub.ax-metals.com\/pl\/wp-json\/wp\/v2\/types\/page"}],"author":[{"embeddable":true,"href":"https:\/\/sub.ax-metals.com\/pl\/wp-json\/wp\/v2\/users\/1"}],"replies":[{"embeddable":true,"href":"https:\/\/sub.ax-metals.com\/pl\/wp-json\/wp\/v2\/comments?post=3"}],"version-history":[{"count":5,"href":"https:\/\/sub.ax-metals.com\/pl\/wp-json\/wp\/v2\/pages\/3\/revisions"}],"predecessor-version":[{"id":1603,"href":"https:\/\/sub.ax-metals.com\/pl\/wp-json\/wp\/v2\/pages\/3\/revisions\/1603"}],"wp:attachment":[{"href":"https:\/\/sub.ax-metals.com\/pl\/wp-json\/wp\/v2\/media?parent=3"}],"curies":[{"name":"wp","href":"https:\/\/api.w.org\/{rel}","templated":true}]}}