{"id":1770,"date":"2024-11-28T22:32:27","date_gmt":"2024-11-28T21:32:27","guid":{"rendered":"http:\/\/ax-metals.local\/o-nas\/"},"modified":"2025-06-10T14:52:53","modified_gmt":"2025-06-10T12:52:53","slug":"about-us","status":"publish","type":"page","link":"https:\/\/sub.ax-metals.com\/en\/about-us\/","title":{"rendered":"About us"},"content":{"rendered":"\n<section id=\"hero\" class=\"hero section max-w-full\">\n<div class=\"hero__inner-container inner-container is-root-container\">\n<div class=\"hero__heading container max-w-medium\">\n<h1 class=\"heading max-w-wide h-75 lh-110\">Our history as a trading partner<\/h1>\n<\/div>\n\n\n\n<div class=\"hero__content container max-w-medium\">\n<figure class=\"decor image\"><img decoding=\"async\" src=\"https:\/\/sub.ax-metals.com\/wp-content\/uploads\/2024\/12\/decor.svg\" class=\"wp-image-128\"\/><\/figure>\n\n\n\n<p class=\"text fs-18\">Jeste\u015bmy rodzinnym przedsi\u0119biorstwem, za\u0142o\u017conym w roku 2010, kt\u00f3re od tego czasu rozwin\u0119\u0142o si\u0119 w aktywnego partnera handlowego dla firm produkcyjnych z bran\u017cy motoryzacyjnej, budowlanej, elektrotechnicznej i elektronicznej. Naszymi klientami s\u0105 przedsi\u0119biorstwa zar\u00f3wno z Niemiec, jak i z Europy \u015arodkowej i Wschodniej.<\/p>\n<\/div>\n\n\n\n<div class=\"hero__cta container max-w-medium\">\n<div class=\"buttons has-right-aligned-content gap-8\">\n<a href=\"#story-timeline\" class=\"button\" target=\"_self\" rel=\"noopener noreferrer\"><span class=\"button__text\">Our story<\/span><span class=\"button__icon\"><svg xmlns=\"http:\/\/www.w3.org\/2000\/svg\" width=\"16\" height=\"17\" viewBox=\"0 0 16 17\" fill=\"none\" aria-hidden=\"true\"><path d=\"M8 0.625977L6.59 2.03598L12.17 7.62598H0V9.62598H12.17L6.59 15.216L8 16.626L16 8.62598L8 0.625977Z\" fill=\"#22497D\"><\/path><\/svg><\/span><span class=\"button__bg\"><\/span><\/a>\n\n\n\n<a href=\"https:\/\/sub.ax-metals.com\/contact\/\" class=\"button\" target=\"_self\" rel=\"noopener noreferrer\"><span class=\"button__text\">Contact us<\/span><span class=\"button__icon\"><svg xmlns=\"http:\/\/www.w3.org\/2000\/svg\" width=\"16\" height=\"17\" viewBox=\"0 0 16 17\" fill=\"none\" aria-hidden=\"true\"><path d=\"M8 0.625977L6.59 2.03598L12.17 7.62598H0V9.62598H12.17L6.59 15.216L8 16.626L16 8.62598L8 0.625977Z\" fill=\"#22497D\"><\/path><\/svg><\/span><span class=\"button__bg\"><\/span><\/a>\n<\/div>\n<\/div>\n<\/div>\n\n\n\n<div class=\"hero__background background has-overlay dim-50\"><img loading=\"lazy\" decoding=\"async\" class=\"hero__background-image background__image wp-image-114\" src=\"https:\/\/sub.ax-metals.com\/wp-content\/uploads\/2024\/12\/hero.mp4\" alt=\"\" width=\"3840\" height=\"2160\"\/><\/div>\n<\/section>\n\n\n\n<section id=\"our-mission\" class=\"section max-w-full our-mission\">\n<div class=\"section__inner-container inner-container is-root-container\">\n<div class=\"container max-w-wide\">\n<figure class=\"decor image\"><img decoding=\"async\" src=\"https:\/\/sub.ax-metals.com\/wp-content\/uploads\/2024\/12\/decor.svg\" class=\"wp-image-128\"\/><\/figure>\n\n\n\n<div class=\"our-mission__content container max-w-wide\">\n<h1 class=\"heading h-75 lh-110\">Our mission<\/h1>\n\n\n\n<p class=\"subheading text fs-30 lh-120\">Jeste\u015bmy rodzinnym przedsi\u0119biorstwem, kt\u00f3re od 2010 roku wsp\u00f3\u0142pracuje z firmami z r\u00f3\u017cnych bran\u017c.<\/p>\n<\/div>\n<\/div>\n<\/div>\n<\/section>\n\n\n\n<section id=\"list-section\" class=\"section max-w-full list-section\">\n<div class=\"section__inner-container inner-container is-root-container\">\n<div class=\"container max-w-wide\">\n<div class=\"list-section_header container\">\n<figure class=\"decor image\"><img decoding=\"async\" src=\"https:\/\/sub.ax-metals.com\/wp-content\/uploads\/2025\/01\/decor_2.svg\" class=\"wp-image-966\"\/><\/figure>\n\n\n\n<h2 class=\"heading h-48 lh-120\">Long heading is what you see here in this feature section<\/h2>\n\n\n\n<p class=\"text fs-18\">Lorem ipsum dolor sit amet, consectetur adipiscing elit. Suspendisse varius enim in eros elementum tristique. Duis cursus, mi quis viverra ornare, eros dolor interdum nulla, ut commodo diam libero vitae erat.<\/p>\n<\/div>\n\n\n\n<div class=\"separator mt-8 mb-8\"><span class=\"separator__line\"><\/span><\/div>\n\n\n\n<div class=\"list-section__list container max-w-wide\">\n<ol class=\"list\">\n<li class=\"list-item\"><span class=\"text\">Lorem ipsum dolor sit amet, consectetur adipiscing elit.<\/span><\/li>\n\n\n\n<li class=\"list-item\"><span class=\"text\">Lorem ipsum dolor sit amet, consectetur adipiscing elit.<\/span><\/li>\n\n\n\n<li class=\"list-item\"><span class=\"text\">Lorem ipsum dolor sit amet, consectetur adipiscing elit.<\/span><\/li>\n\n\n\n<li class=\"list-item\"><span class=\"text\">Lorem ipsum dolor sit amet, consectetur adipiscing elit.<\/span><\/li>\n\n\n\n<li class=\"list-item\"><span class=\"text\">Lorem ipsum dolor sit amet, consectetur adipiscing elit.<\/span><\/li>\n\n\n\n<li class=\"list-item\"><span class=\"text\">Lorem ipsum dolor sit amet, consectetur adipiscing elit.<\/span><\/li>\n<\/ol>\n<\/div>\n<\/div>\n<\/div>\n\n\n<\/section>\n\n\n\n<section id=\"story-timeline\" class=\"section max-w-full story-timeline\">\n<div class=\"section__inner-container inner-container is-root-container\">\n<div class=\"story-timeline__header container max-w-wide\">\n<figure class=\"decor image\"><img decoding=\"async\" src=\"https:\/\/sub.ax-metals.com\/wp-content\/uploads\/2024\/12\/decor.svg\" class=\"wp-image-128\"\/><\/figure>\n\n\n\n<h2 class=\"heading h-48 lh-120\">Our story<\/h2>\n\n\n\n<p class=\"text fs-18\">Lorem ipsum dolor sit amet, consectetur adipiscing elit. Suspendisse varius enim in eros elementum tristique. Duis cursus, mi quis viverra ornare, eros dolor interdum nulla, ut commodo diam libero vitae erat.<\/p>\n<\/div>\n\n\n\n<div class=\"story-timeline__events container max-w-wide\">\n<div class=\"story-timeline__events__item container\">\n<div class=\"story-timeline__events__item__event container\">\n<h3 class=\"heading lh-140\">Date<\/h3>\n\n\n\n<p class=\"text fs-12\">Lorem ipsum dolor sit amet, consectetur adipiscing elit. Suspendisse varius enim in eros elementum tristique.<\/p>\n<\/div>\n<\/div>\n\n\n\n<div class=\"story-timeline__events__item container\">\n<div class=\"story-timeline__events__item__event container\">\n<h3 class=\"heading lh-140\">Date<\/h3>\n\n\n\n<p class=\"text fs-12\">Lorem ipsum dolor sit amet, consectetur adipiscing elit. Suspendisse varius enim in eros elementum tristique.<\/p>\n<\/div>\n<\/div>\n\n\n\n<div class=\"story-timeline__events__item container\">\n<div class=\"story-timeline__events__item__event container\">\n<h3 class=\"heading lh-140\">Date<\/h3>\n\n\n\n<p class=\"text fs-12\">Lorem ipsum dolor sit amet, consectetur adipiscing elit. Suspendisse varius enim in eros elementum tristique.<\/p>\n<\/div>\n<\/div>\n\n\n\n<div class=\"story-timeline__events__item container\">\n<div class=\"story-timeline__events__item__event container\">\n<h3 class=\"heading lh-140\">Date<\/h3>\n\n\n\n<p class=\"text fs-12\">Lorem ipsum dolor sit amet, consectetur adipiscing elit. Suspendisse varius enim in eros elementum tristique.<\/p>\n<\/div>\n<\/div>\n\n\n\n<div class=\"story-timeline__events__item container\">\n<div class=\"story-timeline__events__item__event container\">\n<h3 class=\"heading lh-140\">Date<\/h3>\n\n\n\n<p class=\"text fs-12\">Lorem ipsum dolor sit amet, consectetur adipiscing elit. Suspendisse varius enim in eros elementum tristique.<\/p>\n<\/div>\n<\/div>\n\n\n\n<div class=\"story-timeline__events__item container\">\n<div class=\"story-timeline__events__item__event container\">\n<h3 class=\"heading lh-140\">Date<\/h3>\n\n\n\n<p class=\"text fs-12\">Lorem ipsum dolor sit amet, consectetur adipiscing elit. Suspendisse varius enim in eros elementum tristique.<\/p>\n<\/div>\n<\/div>\n<\/div>\n<\/div>\n<\/section>\n\n\n\n<section id=\"our-team\" class=\"section max-w-full our-team\">\n<div class=\"section__inner-container inner-container is-root-container\">\n<div class=\"container max-w-wide\">\n<div class=\"our-team__header container max-w-wide\">\n<p class=\"subheading text\">Innowacyjny<\/p>\n\n\n\n<figure class=\"decor image\"><img decoding=\"async\" src=\"https:\/\/sub.ax-metals.com\/wp-content\/uploads\/2024\/12\/decor.svg\" class=\"wp-image-128\"\/><\/figure>\n\n\n\n<h2 class=\"heading h-48 lh-120\">Our team<\/h2>\n\n\n\n<p class=\"text fs-18\">Jan Kowalski ma ponad 10-letnie do\u015bwiadczenie w bran\u017cy sprzeda\u017cowej.<\/p>\n\n\n\n<a href=\"https:\/\/sub.ax-metals.com\/contact\/\" class=\"button is-left-aligned\" target=\"_self\" rel=\"noopener noreferrer\"><span class=\"button__text\">Contact<\/span><span class=\"button__icon\"><svg xmlns=\"http:\/\/www.w3.org\/2000\/svg\" width=\"16\" height=\"17\" viewBox=\"0 0 16 17\" fill=\"none\" aria-hidden=\"true\"><path d=\"M8 0.625977L6.59 2.03598L12.17 7.62598H0V9.62598H12.17L6.59 15.216L8 16.626L16 8.62598L8 0.625977Z\" fill=\"#22497D\"><\/path><\/svg><\/span><span class=\"button__bg\"><\/span><\/a>\n<\/div>\n\n\n\n<div class=\"separator mt-8 mb-8\"><span class=\"separator__line\"><\/span><\/div>\n\n\n\n<div class=\"our-team__profiles container max-w-wide\">\n<div class=\"our-team__profil container\">\n<figure class=\"image\"><img loading=\"lazy\" decoding=\"async\" src=\"https:\/\/sub.ax-metals.com\/wp-content\/uploads\/2025\/03\/1698325857928.jpg\" class=\"wp-image-2324\" width=\"800\" height=\"800\" srcset=\"https:\/\/sub.ax-metals.com\/wp-content\/uploads\/2025\/03\/1698325857928.jpg 800w, https:\/\/sub.ax-metals.com\/wp-content\/uploads\/2025\/03\/1698325857928-300x300.jpg 300w, https:\/\/sub.ax-metals.com\/wp-content\/uploads\/2025\/03\/1698325857928-150x150.jpg 150w, https:\/\/sub.ax-metals.com\/wp-content\/uploads\/2025\/03\/1698325857928-768x768.jpg 768w\" sizes=\"auto, (max-width: 800px) 100vw, 800px\" \/><\/figure>\n\n\n\n<div class=\"our-team__profil__details container\">\n<p class=\"our-team__name text\">Marcell Lukawski<\/p>\n\n\n\n<p class=\"our-team__position text\">Dyrektor ds. Obs\u0142ugi Klienta<\/p>\n\n\n\n<p class=\"our-team__bio text\">Jan Kowalski jest naszym dyrektorem ds. Obs\u0142ugi Klienta. Jest odpowiedzialny za\u2026<\/p>\n\n\n\n<div class=\"social-media container\">\n<a href=\"https:\/\/www.linkedin.com\/\" class=\"social-in link\" target=\"_blank\" rel=\"noopener noreferrer\"><span class=\"link__text\">in<\/span><span class=\"link__icon\"><svg xmlns=\"http:\/\/www.w3.org\/2000\/svg\" width=\"16\" height=\"17\" viewBox=\"0 0 16 17\" fill=\"none\" aria-hidden=\"true\"><path d=\"M8 0.625977L6.59 2.03598L12.17 7.62598H0V9.62598H12.17L6.59 15.216L8 16.626L16 8.62598L8 0.625977Z\" fill=\"#22497D\"><\/path><\/svg><\/span><\/a>\n\n\n\n<a href=\"https:\/\/twitter.com\" class=\"social-x link\" target=\"_blank\" rel=\"noopener noreferrer\"><span class=\"link__text\">x<\/span><span class=\"link__icon\"><svg xmlns=\"http:\/\/www.w3.org\/2000\/svg\" width=\"16\" height=\"17\" viewBox=\"0 0 16 17\" fill=\"none\" aria-hidden=\"true\"><path d=\"M8 0.625977L6.59 2.03598L12.17 7.62598H0V9.62598H12.17L6.59 15.216L8 16.626L16 8.62598L8 0.625977Z\" fill=\"#22497D\"><\/path><\/svg><\/span><\/a>\n\n\n\n<a href=\"https:\/\/www.facebook.com\/\" class=\"social-fb link\" target=\"_blank\" rel=\"noopener noreferrer\"><span class=\"link__text\">fb<\/span><span class=\"link__icon\"><svg xmlns=\"http:\/\/www.w3.org\/2000\/svg\" width=\"16\" height=\"17\" viewBox=\"0 0 16 17\" fill=\"none\" aria-hidden=\"true\"><path d=\"M8 0.625977L6.59 2.03598L12.17 7.62598H0V9.62598H12.17L6.59 15.216L8 16.626L16 8.62598L8 0.625977Z\" fill=\"#22497D\"><\/path><\/svg><\/span><\/a>\n<\/div>\n<\/div>\n<\/div>\n\n\n\n<div class=\"our-team__profil container\">\n<figure class=\"image\"><img loading=\"lazy\" decoding=\"async\" src=\"https:\/\/sub.ax-metals.com\/wp-content\/uploads\/2024\/12\/anna_nowakk-scaled-e1733743889876.jpeg\" class=\"wp-image-536\" width=\"1527\" height=\"1527\"\/><\/figure>\n\n\n\n<div class=\"our-team__profil__details container\">\n<p class=\"our-team__name text\">Anna Nowak<\/p>\n\n\n\n<p class=\"our-team__position text\">Dyrektor ds. Obs\u0142ugi Klienta<\/p>\n\n\n\n<p class=\"our-team__bio text\">Anna Nowak jest nasz\u0105 specjalistk\u0105 ds. Obs\u0142ugi Klienta. Odpowiada za\u2026<\/p>\n\n\n\n<div class=\"social-media container\">\n<a href=\"https:\/\/www.linkedin.com\/\" class=\"social-in link\" target=\"_blank\" rel=\"noopener noreferrer\"><span class=\"link__text\">in<\/span><span class=\"link__icon\"><svg xmlns=\"http:\/\/www.w3.org\/2000\/svg\" width=\"16\" height=\"17\" viewBox=\"0 0 16 17\" fill=\"none\" aria-hidden=\"true\"><path d=\"M8 0.625977L6.59 2.03598L12.17 7.62598H0V9.62598H12.17L6.59 15.216L8 16.626L16 8.62598L8 0.625977Z\" fill=\"#22497D\"><\/path><\/svg><\/span><\/a>\n\n\n\n<a href=\"https:\/\/twitter.com\" class=\"social-x link\" target=\"_blank\" rel=\"noopener noreferrer\"><span class=\"link__text\">x<\/span><span class=\"link__icon\"><svg xmlns=\"http:\/\/www.w3.org\/2000\/svg\" width=\"16\" height=\"17\" viewBox=\"0 0 16 17\" fill=\"none\" aria-hidden=\"true\"><path d=\"M8 0.625977L6.59 2.03598L12.17 7.62598H0V9.62598H12.17L6.59 15.216L8 16.626L16 8.62598L8 0.625977Z\" fill=\"#22497D\"><\/path><\/svg><\/span><\/a>\n\n\n\n<a href=\"https:\/\/www.facebook.com\/\" class=\"social-fb link\" target=\"_blank\" rel=\"noopener noreferrer\"><span class=\"link__text\">fb<\/span><span class=\"link__icon\"><svg xmlns=\"http:\/\/www.w3.org\/2000\/svg\" width=\"16\" height=\"17\" viewBox=\"0 0 16 17\" fill=\"none\" aria-hidden=\"true\"><path d=\"M8 0.625977L6.59 2.03598L12.17 7.62598H0V9.62598H12.17L6.59 15.216L8 16.626L16 8.62598L8 0.625977Z\" fill=\"#22497D\"><\/path><\/svg><\/span><\/a>\n<\/div>\n<\/div>\n<\/div>\n\n\n\n<div class=\"our-team__profil container\">\n<figure class=\"image\"><img loading=\"lazy\" decoding=\"async\" src=\"https:\/\/sub.ax-metals.com\/wp-content\/uploads\/2024\/12\/jan_kowalski-scaled-e1733743807743.jpeg\" class=\"wp-image-1491\" width=\"1536\" height=\"1536\"\/><\/figure>\n\n\n\n<div class=\"our-team__profil__details container\">\n<p class=\"our-team__name text\">Piotr Wi\u015bniewski<\/p>\n\n\n\n<p class=\"our-team__position text\">Dyrektor ds. Obs\u0142ugi Klienta<\/p>\n\n\n\n<p class=\"our-team__bio text\">Piotr Wi\u015bniewski jest naszym konsultantem ds. Obs\u0142ugi Klienta. Pomaga klientom w\u2026<\/p>\n\n\n\n<div class=\"social-media container\">\n<a href=\"https:\/\/www.linkedin.com\/\" class=\"social-in link\" target=\"_blank\" rel=\"noopener noreferrer\"><span class=\"link__text\">in<\/span><span class=\"link__icon\"><svg xmlns=\"http:\/\/www.w3.org\/2000\/svg\" width=\"16\" height=\"17\" viewBox=\"0 0 16 17\" fill=\"none\" aria-hidden=\"true\"><path d=\"M8 0.625977L6.59 2.03598L12.17 7.62598H0V9.62598H12.17L6.59 15.216L8 16.626L16 8.62598L8 0.625977Z\" fill=\"#22497D\"><\/path><\/svg><\/span><\/a>\n\n\n\n<a href=\"https:\/\/twitter.com\" class=\"social-x link\" target=\"_blank\" rel=\"noopener noreferrer\"><span class=\"link__text\">x<\/span><span class=\"link__icon\"><svg xmlns=\"http:\/\/www.w3.org\/2000\/svg\" width=\"16\" height=\"17\" viewBox=\"0 0 16 17\" fill=\"none\" aria-hidden=\"true\"><path d=\"M8 0.625977L6.59 2.03598L12.17 7.62598H0V9.62598H12.17L6.59 15.216L8 16.626L16 8.62598L8 0.625977Z\" fill=\"#22497D\"><\/path><\/svg><\/span><\/a>\n\n\n\n<a href=\"https:\/\/www.facebook.com\/\" class=\"social-fb link\" target=\"_blank\" rel=\"noopener noreferrer\"><span class=\"link__text\">fb<\/span><span class=\"link__icon\"><svg xmlns=\"http:\/\/www.w3.org\/2000\/svg\" width=\"16\" height=\"17\" viewBox=\"0 0 16 17\" fill=\"none\" aria-hidden=\"true\"><path d=\"M8 0.625977L6.59 2.03598L12.17 7.62598H0V9.62598H12.17L6.59 15.216L8 16.626L16 8.62598L8 0.625977Z\" fill=\"#22497D\"><\/path><\/svg><\/span><\/a>\n<\/div>\n<\/div>\n<\/div>\n<\/div>\n<\/div>\n<\/div>\n<\/section>\n\n\n\n<section id=\"cta\" class=\"cta section max-w-full cta-two\">\n<div class=\"cta__inner-container inner-container is-root-container\">\n<div class=\"container max-w-wide\">\n<div class=\"cta__header container\">\n<figure class=\"decor image\"><img decoding=\"async\" src=\"https:\/\/sub.ax-metals.com\/wp-content\/uploads\/2025\/01\/decor_2.svg\" class=\"wp-image-966\"\/><\/figure>\n\n\n\n<h2 class=\"heading h-48 lh-120\">Sounds interesting?<\/h2>\n\n\n\n<p class=\"text fs-18\">Dowiedz si\u0119 wi\u0119cej o naszych us\u0142ugach i produktach<\/p>\n\n\n\n<a href=\"https:\/\/sub.ax-metals.com\/contact\/\" class=\"button is-left-aligned\" target=\"_self\" rel=\"noopener noreferrer\"><span class=\"button__text\">Contact us<\/span><span class=\"button__icon\"><svg xmlns=\"http:\/\/www.w3.org\/2000\/svg\" width=\"16\" height=\"17\" viewBox=\"0 0 16 17\" fill=\"none\" aria-hidden=\"true\"><path d=\"M8 0.625977L6.59 2.03598L12.17 7.62598H0V9.62598H12.17L6.59 15.216L8 16.626L16 8.62598L8 0.625977Z\" fill=\"#22497D\"><\/path><\/svg><\/span><span class=\"button__bg\"><\/span><\/a>\n<\/div>\n<\/div>\n<\/div>\n\n\n<\/section>\n","protected":false},"excerpt":{"rendered":"","protected":false},"author":1,"featured_media":0,"parent":0,"menu_order":0,"comment_status":"closed","ping_status":"closed","template":"","meta":{"footnotes":""},"class_list":["post-1770","page","type-page","status-publish","hentry"],"_links":{"self":[{"href":"https:\/\/sub.ax-metals.com\/en\/wp-json\/wp\/v2\/pages\/1770","targetHints":{"allow":["GET"]}}],"collection":[{"href":"https:\/\/sub.ax-metals.com\/en\/wp-json\/wp\/v2\/pages"}],"about":[{"href":"https:\/\/sub.ax-metals.com\/en\/wp-json\/wp\/v2\/types\/page"}],"author":[{"embeddable":true,"href":"https:\/\/sub.ax-metals.com\/en\/wp-json\/wp\/v2\/users\/1"}],"replies":[{"embeddable":true,"href":"https:\/\/sub.ax-metals.com\/en\/wp-json\/wp\/v2\/comments?post=1770"}],"version-history":[{"count":6,"href":"https:\/\/sub.ax-metals.com\/en\/wp-json\/wp\/v2\/pages\/1770\/revisions"}],"predecessor-version":[{"id":3006,"href":"https:\/\/sub.ax-metals.com\/en\/wp-json\/wp\/v2\/pages\/1770\/revisions\/3006"}],"wp:attachment":[{"href":"https:\/\/sub.ax-metals.com\/en\/wp-json\/wp\/v2\/media?parent=1770"}],"curies":[{"name":"wp","href":"https:\/\/api.w.org\/{rel}","templated":true}]}}