{"id":1740,"date":"2024-11-29T00:12:20","date_gmt":"2024-11-28T23:12:20","guid":{"rendered":"http:\/\/ax-metals.local\/kontakt\/"},"modified":"2025-12-16T18:24:50","modified_gmt":"2025-12-16T17:24:50","slug":"contact","status":"publish","type":"page","link":"https:\/\/sub.ax-metals.com\/en\/contact\/","title":{"rendered":"Contact"},"content":{"rendered":"\n<section id=\"form-section\" class=\"section max-w-full form-section\">\n<div class=\"section__inner-container inner-container is-root-container\">\n<div class=\"container max-w-wide\">\n<div class=\"form-section__fields container\">\n<figure class=\"decor image\"><img decoding=\"async\" src=\"https:\/\/sub.ax-metals.com\/wp-content\/uploads\/2025\/01\/decor_2.svg\" class=\"wp-image-966\"\/><\/figure>\n\n\n\n<h2 class=\"heading h-33 lh-120\">Send inquiry<\/h2>\n\n\n\n<p class=\"text fs-14\">Wype\u0142nij formularz kontaktowy i skontaktujemy si\u0119 z Tob\u0105<\/p>\n\n\n\n<div\n\tclass=\"contact-form\"\n\tid=\"contact_form\"\n>\n\n\t\n\t\n\t<form class=\"form has-validation\" method=\"post\" action=\"https:\/\/sub.ax-metals.com\/en\/contact\/#contact_form\" enctype=\"multipart\/form-data\">\n\n\t\t<div class=\"form-item form-item--name\">\n\t\t\t<label class=\"label\" for=\"contact_name\">\n\t\t\t\tName and Surname *\t\t\t<\/label>\n\t\t\t<input type=\"text\" class=\"input\" id=\"contact_name\" name=\"contactName\" value=\"\" autocomplete=\"off\" \/>\n\t\t\t\t\t<\/div>\n\n\t\t<div class=\"form-item form-item--company\">\n\t\t\t<label class=\"label\" for=\"contact_company\">\n\t\t\t\tCompany name *\t\t\t<\/label>\n\t\t\t<input type=\"text\" class=\"input\" id=\"contact_company\" name=\"contactCompany\" value=\"\" autocomplete=\"off\" \/>\n\t\t\t\t\t<\/div>\n\n\t\t<div class=\"form-item form-item--phone\">\n\t\t\t<label class=\"label\" for=\"contact_phone\">\n\t\t\t\tTelephone\t\t\t<\/label>\n\t\t\t<input type=\"tel\" class=\"input\" id=\"contact_phone\" name=\"contactPhone\" value=\"\" autocomplete=\"off\" \/>\n\t\t\t\t\t<\/div>\n\n\t\t<div class=\"form-item form-item--email\">\n\t\t\t<label class=\"label\" for=\"contact_email\">\n\t\t\t\tE-Mail *\t\t\t<\/label>\n\t\t\t<input type=\"email\" class=\"input\" id=\"contact_email\" name=\"contactEmail\" value=\"\" autocomplete=\"off\" \/>\n\t\t\t\t\t<\/div>\n\n\t\t<div class=\"form-item form-item--message\">\n\t\t\t<label class=\"label\" for=\"contact_message\">\n\t\t\t\tMessage *\t\t\t<\/label>\n\t\t\t<textarea class=\"textarea\" placeholder=\"Write your message ...\" id=\"contact_message\" name=\"contactMessage\" rows=\"3\" cols=\"30\" autocomplete=\"off\" ><\/textarea>\n\t\t\t\t\t<\/div>\n\n\t\t<div class=\"two-form-items\">\n\t\t\t<div class=\"form-item form-item--consent\">\n\t\t\t\t<div>\n\t\t\t\t\t<label class=\"label for-checkbox\" for=\"contact_consent\">\n\t\t\t\t\t\tI consent to the processing of my personal data by AX-METALS GmbH, based in Berlin, for the purpose of handling my inquiry in accordance with the Privacy Policy.\t\t\t\t\t<\/label>\n\t\t\t\t\t<input type=\"checkbox\" class=\"input-checkbox\" id=\"contact_consent\" name=\"contactConsent\" value=\"0\"  \/>\n\t\t\t\t\t<span class=\"input-checkbox-consent\"><\/span>\n\t\t\t\t<\/div>\n\t\t\t\t\t\t\t<\/div>\n\n\t\t\t\t\t\t\t<div class=\"form-item form-item--attachment\">\n\t\t\t\t\t<div>\n\t\t\t\t\t\t<label class=\"label for-checkbox\" for=\"contact_attachment\">\n\t\t\t\t\t\t\tTechnical documentation\t\t\t\t\t\t<\/label>\n\t\t\t\t\t\t<input type=\"file\" class=\"input-file\" id=\"contact_attachment\" name=\"contactAttachment\" accept=\"image\/jpeg, image\/jpg, image\/png, application\/octet-stream, application\/pdf, application\/zip, application\/x-zip, application\/x-zip-compressed\"\/>\n\t\t\t\t\t\t<input type=\"checkbox\" id=\"attachment_checkbox\" class=\"input-checkbox input-file-appearance\" \/>\n\t\t\t\t\t\t<span id=\"input-checkbox-attachment\" class=\"input-checkbox-attachment\"><\/span>\n\t\t\t\t\t<\/div>\n\t\t\t\t\t<span class=\"file-name\"><\/span>\n\n\t\t\t\t\t\t\t\t\t<\/div>\n\t\t\t\t\t<\/div>\n\t\t\n\t\t<div class=\"form-item form-item--recaptcha\">\n\t\t\t<div class=\"g-recaptcha\"><\/div>\n\t\t\t\t\t<\/div>\n\n\t\t<div class=\"form-item form-item--submit\">\n\t\t\t<button type=\"submit\" class=\"button is-large\" name=\"contactSubmit\">\n\t\t\t\t<span class=\"text\">\n\t\t\t\t\tSend\t\t\t\t<\/span>\n\t\t\t\t<span class=\"background\"><\/span>\n\t\t\t<\/button>\n\t\t<\/div>\n\n\t<\/form>\n\n<\/div><\/div>\n\n\n\n<div class=\"container ceo-contact\">\n<div class=\"ceo-contact__header container max-w-wide\">\n<figure class=\"decor image\"><img decoding=\"async\" src=\"https:\/\/sub.ax-metals.com\/wp-content\/uploads\/2025\/01\/decor_2.svg\" class=\"wp-image-966\"\/><\/figure>\n\n\n\n<h2 class=\"heading h-33 lh-120\">We invite you to contact us directly<\/h2>\n<\/div>\n\n\n\n<div class=\"ceo-contact__profil container max-w-wide\">\n<figure class=\"ceo-contact_image image\"><img loading=\"lazy\" decoding=\"async\" src=\"https:\/\/sub.ax-metals.com\/wp-content\/uploads\/2025\/03\/1698325857928.jpg\" class=\"wp-image-2324\" width=\"800\" height=\"800\" srcset=\"https:\/\/sub.ax-metals.com\/wp-content\/uploads\/2025\/03\/1698325857928.jpg 800w, https:\/\/sub.ax-metals.com\/wp-content\/uploads\/2025\/03\/1698325857928-300x300.jpg 300w, https:\/\/sub.ax-metals.com\/wp-content\/uploads\/2025\/03\/1698325857928-150x150.jpg 150w, https:\/\/sub.ax-metals.com\/wp-content\/uploads\/2025\/03\/1698325857928-768x768.jpg 768w\" sizes=\"auto, (max-width: 800px) 100vw, 800px\" \/><\/figure>\n\n\n\n<div class=\"ceo-contact__profil__details container\">\n<p class=\"ceo-contact__name text\">Marcell Lukawski<\/p>\n\n\n\n<p class=\"ceo-contact__position text\">CEO<\/p>\n\n\n\n<p class=\"ceo-contact__bio text\"><\/p>\n\n\n\n<div class=\"social-media container\">\n<a href=\"https:\/\/www.linkedin.com\/in\/marcell-lukawski\" class=\"social-in link\" target=\"_blank\" rel=\"noopener noreferrer\"><span class=\"link__text\">in<\/span><span class=\"link__icon\"><svg xmlns=\"http:\/\/www.w3.org\/2000\/svg\" width=\"16\" height=\"17\" viewBox=\"0 0 16 17\" fill=\"none\" aria-hidden=\"true\"><path d=\"M8 0.625977L6.59 2.03598L12.17 7.62598H0V9.62598H12.17L6.59 15.216L8 16.626L16 8.62598L8 0.625977Z\" fill=\"#22497D\"><\/path><\/svg><\/span><\/a>\n<\/div>\n<\/div>\n<\/div>\n<\/div>\n<\/div>\n<\/div>\n<\/section>\n\n\n\n<section id=\"map\" class=\"section max-w-full map\">\n<div class=\"section__inner-container inner-container is-root-container\">\n<div id=\"find-us\" class=\"map__find-us container max-w-full\">\n<iframe src=\"https:\/\/www.google.com\/maps\/embed?pb=!1m18!1m12!1m3!1d2433.1441531070714!2d13.532862790596882!3d52.42218569993195!2m3!1f0!2f0!3f0!3m2!1i1024!2i768!4f13.1!3m3!1m2!1s0x47a85a9e74897e89%3A0xd166754b5695423c!2sAX-METALS%20GmbH!5e0!3m2!1sen!2sen!4v1736944421103!5m2!1sen!2sen\" width=\"600\" height=\"450\" style=\"border:0;\" allowfullscreen=\"\" loading=\"lazy\" referrerpolicy=\"no-referrer-when-downgrade\"><\/iframe>\n<\/div>\n<\/div>\n<\/section>\n\n\n\n<section id=\"cta\" class=\"cta section max-w-full cta-two low-padding\">\n<div class=\"cta__inner-container inner-container is-root-container\">\n<div class=\"container max-w-wide\">\n<div class=\"cta__header container\">\n<p class=\"subheading text\">Zaufany dystrybutor<\/p>\n\n\n\n<figure class=\"decor image\"><img decoding=\"async\" src=\"https:\/\/sub.ax-metals.com\/wp-content\/uploads\/2025\/01\/decor_2.svg\" class=\"wp-image-966\"\/><\/figure>\n\n\n\n<h2 class=\"heading h-48 lh-120\">Contact us<\/h2>\n\n\n\n<p class=\"text fs-18\"><\/p>\n<\/div>\n\n\n\n<div class=\"cta__content container\">\n<div id=\"email\" class=\"cta__content_contact_item container\">\n<figure class=\"image\"><img decoding=\"async\" src=\"https:\/\/sub.ax-metals.com\/wp-content\/uploads\/2024\/12\/email.svg\" class=\"wp-image-508\"\/><\/figure>\n\n\n\n<div class=\"container\">\n<h3 class=\"heading h-24 lh-140\">E-Mail<\/h3>\n\n\n\n<p class=\"text\">Wy\u015blij nam wiadomo\u015b\u0107<\/p>\n\n\n\n<a href=\"hello@relume.io\" class=\"link\" target=\"_self\" rel=\"noopener noreferrer\"><span class=\"link__text\">hello@relume.io<\/span><span class=\"link__icon\"><svg xmlns=\"http:\/\/www.w3.org\/2000\/svg\" width=\"16\" height=\"17\" viewBox=\"0 0 16 17\" fill=\"none\" aria-hidden=\"true\"><path d=\"M8 0.625977L6.59 2.03598L12.17 7.62598H0V9.62598H12.17L6.59 15.216L8 16.626L16 8.62598L8 0.625977Z\" fill=\"#22497D\"><\/path><\/svg><\/span><\/a>\n<\/div>\n<\/div>\n\n\n\n<div id=\"phone\" class=\"cta__content_contact_item container\">\n<figure class=\"image\"><img decoding=\"async\" src=\"https:\/\/sub.ax-metals.com\/wp-content\/uploads\/2024\/12\/phone-call-01.svg\" class=\"wp-image-510\"\/><\/figure>\n\n\n\n<div class=\"container\">\n<h3 class=\"heading h-24 lh-140\">Telefon<\/h3>\n\n\n\n<p class=\"text\">Zadzwo\u0144 do nas<\/p>\n\n\n\n<a href=\"tel: +1 (555) 000-0000\" class=\"link\" target=\"_self\" rel=\"noopener noreferrer\"><span class=\"link__text\">+1 (555) 000-0000<\/span><span class=\"link__icon\"><svg xmlns=\"http:\/\/www.w3.org\/2000\/svg\" width=\"16\" height=\"17\" viewBox=\"0 0 16 17\" fill=\"none\" aria-hidden=\"true\"><path d=\"M8 0.625977L6.59 2.03598L12.17 7.62598H0V9.62598H12.17L6.59 15.216L8 16.626L16 8.62598L8 0.625977Z\" fill=\"#22497D\"><\/path><\/svg><\/span><\/a>\n<\/div>\n<\/div>\n\n\n\n<div id=\"office\" class=\"cta__content_contact_item container\">\n<figure class=\"image\"><img decoding=\"async\" src=\"https:\/\/sub.ax-metals.com\/wp-content\/uploads\/2024\/12\/marker-02.svg\" class=\"wp-image-509\"\/><\/figure>\n\n\n\n<div class=\"container\">\n<h3 class=\"heading h-24 lh-140\">Biuro<\/h3>\n\n\n\n<p class=\"text\">123 Sample St, Sydney <br>NSW 2000 AU<\/p>\n<\/div>\n<\/div>\n<\/div>\n<\/div>\n<\/div>\n\n\n<\/section>\n","protected":false},"excerpt":{"rendered":"","protected":false},"author":1,"featured_media":0,"parent":0,"menu_order":0,"comment_status":"closed","ping_status":"closed","template":"","meta":{"footnotes":""},"class_list":["post-1740","page","type-page","status-publish","hentry"],"_links":{"self":[{"href":"https:\/\/sub.ax-metals.com\/en\/wp-json\/wp\/v2\/pages\/1740","targetHints":{"allow":["GET"]}}],"collection":[{"href":"https:\/\/sub.ax-metals.com\/en\/wp-json\/wp\/v2\/pages"}],"about":[{"href":"https:\/\/sub.ax-metals.com\/en\/wp-json\/wp\/v2\/types\/page"}],"author":[{"embeddable":true,"href":"https:\/\/sub.ax-metals.com\/en\/wp-json\/wp\/v2\/users\/1"}],"replies":[{"embeddable":true,"href":"https:\/\/sub.ax-metals.com\/en\/wp-json\/wp\/v2\/comments?post=1740"}],"version-history":[{"count":5,"href":"https:\/\/sub.ax-metals.com\/en\/wp-json\/wp\/v2\/pages\/1740\/revisions"}],"predecessor-version":[{"id":4159,"href":"https:\/\/sub.ax-metals.com\/en\/wp-json\/wp\/v2\/pages\/1740\/revisions\/4159"}],"wp:attachment":[{"href":"https:\/\/sub.ax-metals.com\/en\/wp-json\/wp\/v2\/media?parent=1740"}],"curies":[{"name":"wp","href":"https:\/\/api.w.org\/{rel}","templated":true}]}}