{"id":1736,"date":"2024-12-02T00:42:33","date_gmt":"2024-12-01T23:42:33","guid":{"rendered":"http:\/\/ax-metals.local\/impressum\/"},"modified":"2025-07-22T14:40:30","modified_gmt":"2025-07-22T12:40:30","slug":"impressum","status":"publish","type":"page","link":"https:\/\/sub.ax-metals.com\/en\/impressum\/","title":{"rendered":"Impressum"},"content":{"rendered":"\n<p>Odpowiedzialno\u015b\u0107 za t\u0119 stron\u0119:<\/p>\n\n\n\n<h5 class=\"heading h-24\">AX-METALS GmbH<\/h5>\n\n\n\n<p>Semmelweisstra\u00dfe 18<br>D-12524 Berlin<br><\/p>\n\n\n\n<div id=\"kontakt\" class=\"container\">\n<h6 id=\"\" class=\"heading max-w-extra-wide h-24\">Kontakt:<\/h6>\n\n\n\n<p>Telefon: +49 (0) 30 629 071 63<br>E-Mail:&nbsp;info@ax-metals.com<br><\/p>\n<\/div>\n\n\n\n<div id=\"rejestr-handlowy\" class=\"container\">\n<h6 id=\"\" class=\"heading h-24\">Rejestr handlowy:<\/h6>\n\n\n\n<p>S\u0105d krajowy: Berlin-Charlottenburg<br>Numer w rejestrze handlowym: HRB 255906 B<br>Prezes Zarz\u0105du: Marcell Lukawski<br><\/p>\n<\/div>\n\n\n\n<h6 id=\"NIP\" class=\"heading h-24\">Identyfikator podatkowy (NIP): <kbd>DE363290577<\/kbd><\/h6>\n\n\n\n<div id=\"zdjecia\" class=\"container\">\n<h6 class=\"heading h-24\">Zdj\u0119cia:<\/h6>\n\n\n\n<p>Electrician Examining Fusebox With Multimeter Probe&nbsp;\u00a9 Andrey Popov \u2013 Fotolia.com<br>Sports car sketch. Original car design.&nbsp;\u00a9 -Misha \u2013 Fotolia.comDie Steckdose&nbsp;\u00a9 beermedia \u2013 Fotolia.com<br>businessman hand draws gear to success&nbsp;\u00a9 everythingpossible \u2013 Fotolia.com<\/p>\n<\/div>\n\n\n\n<div class=\"separator mt-8 mb-8\"><span class=\"separator__line\"><\/span><\/div>\n\n\n\n<h5 id=\"informacje-prawne\" class=\"heading h-24\">Informacje prawne<\/h5>\n\n\n\n<div id=\"wykluczenie-odpowiedzialnosci\" class=\"container\">\n<h6 class=\"heading h-24\">Wykluczenie odpowiedzialno\u015bci<\/h6>\n\n\n\n<p>Odpowiedzialno\u015b\u0107 za tre\u015b\u0107 Tre\u015b\u0107 naszych stron internetowych jest sporz\u0105dzona z mo\u017cliwie du\u017c\u0105 staranno\u015bci\u0105. Za prawid\u0142owo\u015b\u0107, kompletno\u015b\u0107 i aktualno\u015b\u0107 tre\u015bci nie mo\u017cemy jednak przej\u0105\u0107 gwarancji. Jako podmiot oferuj\u0105cy s\u0142ugi wg paragrafu 7 ust. 1 ustawy TMG odpowiadamy za tre\u015b\u0107 w\u0142asnych tekst\u00f3w na tych stronach wed\u0142ug og\u00f3lnych przepis\u00f3w prawnych. <br><br>Wg \u00a7\u00a7 8 do 10 TMG jako podmiot oferuj\u0105cy us\u0142ugi nie jeste\u015bmy zobowi\u0105zani do kontrolowania przekazanych lub zapisanych obcych informacji lub do szukania okoliczno\u015bci, wskazuj\u0105cych na naruszenia prawa. Obowi\u0105zek usuwania lub zablokowania korzystania z informacji na podstawie przepis\u00f3w prawnych pozostaje przez to nienaruszony. <br><br>Dotycz\u0105ca tego odpowiedzialno\u015b\u0107 mo\u017cliwa jest jednak dopiero od momentu uzyskania informacji o konkretnym naruszeniu prawa. W przypadku uzyskania odpowiednich informacji o naruszeniu prawa odpowiednie linki te zostan\u0105 natychmiast usuni\u0119te.<br><\/p>\n<\/div>\n\n\n\n<div id=\"odpowiedzialnosc-za-linki\" class=\"container\">\n<h6 class=\"heading h-24\">Odpowiedzialno\u015b\u0107 za linki<\/h6>\n\n\n\n<p>Nasze strony zawieraj\u0105 linki do stron zewn\u0119trznych trzecich, na kt\u00f3rych tre\u015b\u0107 nie mamy wp\u0142ywu. Dlatego nie mo\u017cemy przej\u0105\u0107 odpowiedzialno\u015bci za tre\u015b\u0107 stron obcych. Za tre\u015b\u0107 stron powi\u0105zanych linkami odpowiada zawsze danych operator strony. <br><br>Powi\u0105zane strony zosta\u0142y sprawdzone w momencie wykonania linku pod k\u0105tem ewentualnych narusze\u0144 prawa. Naruszenia prawa w momencie wykonania linku nie by\u0142y widoczne. <br><br>Ci\u0105g\u0142a kontrola tre\u015bci strony powi\u0105zanej linkiem bez konkretnych informacji o naruszeniu prawa jest jednak niemo\u017cliwa. W przypadku uzyskania odpowiednich informacji o naruszeniu prawa takie linki te zostan\u0105 natychmiast usuni\u0119te.<br><\/p>\n<\/div>\n\n\n\n<div id=\"prawo-autorskie\" class=\"container\">\n<h6 class=\"heading h-24\">Prawo autorskie:<\/h6>\n\n\n\n<p>Tre\u015bci i dzie\u0142a, stworzone przez w\u0142a\u015bciciela strony, podlegaj\u0105 niemieckiemu prawu autorskiemu. Powielanie, przetwarzanie, dystrybucja i jakiekolwiek wykorzystywanie, wykraczaj\u0105ce poza granice prawa autorskiego, wymaga pisemnej zgody danego autora lub tw\u00f3rcy. <br><br>Pobieranie plik\u00f3w i kopiowanie tej strony s\u0105 dozwolone tylko do prywatnego, niekomercyjnego u\u017cytku. Je\u015bli tre\u015bci na tej stronie nie zosta\u0142y stworzone przez w\u0142a\u015bciciela strony, obowi\u0105zuj\u0105 prawa autorskie podmiot\u00f3w trzecich. <br><br>W szczeg\u00f3lno\u015bci tre\u015bci podmiot\u00f3w trzecich s\u0105 jako takie oznaczone. Je\u015bli mimo to u\u017cytkownik zauwa\u017cy naruszenie praw autorskich, prosimy o odpowiedni\u0105 informacj\u0119. W przypadku ujawnienia faktu naruszenia prawa tre\u015bci takie zostan\u0105 przez nas niezw\u0142ocznie usuni\u0119te.<\/p>\n<\/div>\n","protected":false},"excerpt":{"rendered":"<p>Odpowiedzialno\u015b\u0107 za t\u0119 stron\u0119: Semmelweisstra\u00dfe 18D-12524 Berlin<\/p>\n","protected":false},"author":1,"featured_media":0,"parent":0,"menu_order":0,"comment_status":"closed","ping_status":"closed","template":"page-with-header.php","meta":{"footnotes":""},"class_list":["post-1736","page","type-page","status-publish","hentry"],"_links":{"self":[{"href":"https:\/\/sub.ax-metals.com\/en\/wp-json\/wp\/v2\/pages\/1736","targetHints":{"allow":["GET"]}}],"collection":[{"href":"https:\/\/sub.ax-metals.com\/en\/wp-json\/wp\/v2\/pages"}],"about":[{"href":"https:\/\/sub.ax-metals.com\/en\/wp-json\/wp\/v2\/types\/page"}],"author":[{"embeddable":true,"href":"https:\/\/sub.ax-metals.com\/en\/wp-json\/wp\/v2\/users\/1"}],"replies":[{"embeddable":true,"href":"https:\/\/sub.ax-metals.com\/en\/wp-json\/wp\/v2\/comments?post=1736"}],"version-history":[{"count":3,"href":"https:\/\/sub.ax-metals.com\/en\/wp-json\/wp\/v2\/pages\/1736\/revisions"}],"predecessor-version":[{"id":3415,"href":"https:\/\/sub.ax-metals.com\/en\/wp-json\/wp\/v2\/pages\/1736\/revisions\/3415"}],"wp:attachment":[{"href":"https:\/\/sub.ax-metals.com\/en\/wp-json\/wp\/v2\/media?parent=1736"}],"curies":[{"name":"wp","href":"https:\/\/api.w.org\/{rel}","templated":true}]}}